{"id":5868,"date":"2024-12-10T16:40:39","date_gmt":"2024-12-10T15:40:39","guid":{"rendered":"https:\/\/immo-perle.com\/?page_id=5868"},"modified":"2024-12-16T13:09:28","modified_gmt":"2024-12-16T12:09:28","slug":"otisak","status":"publish","type":"page","link":"https:\/\/immo-perle.com\/hr\/otisak\/","title":{"rendered":"Otisak"},"content":{"rendered":"\t\t<div data-elementor-type=\"wp-page\" data-elementor-id=\"5868\" class=\"elementor elementor-5868 elementor-4346\">\n\t\t\t\t<div class=\"elementor-element elementor-element-2ff40a0 e-flex e-con-boxed e-con e-parent\" data-id=\"2ff40a0\" data-element_type=\"container\">\n\t\t\t\t\t<div class=\"e-con-inner\">\n\t\t\r\n\t\t<div class=\"elementor-element elementor-element-843b9e4 elementor-widget elementor-widget-text-editor\" data-id=\"843b9e4\" data-element_type=\"widget\" data-widget_type=\"text-editor.default\">\n\t\t\t\t<div class=\"elementor-widget-container\">\n\t\t\t\t\t\t\t\t\t<h1><span class=\"HwtZe\" lang=\"hr\"><span class=\"jCAhz ChMk0b\"><span class=\"ryNqvb\">otisak<\/span><\/span><\/span><\/h1><p>Ivan Martincic<br \/>ImmoPerle e.K.<br \/>Columbusstra\u00dfe 22<br \/>71686 6 Remseck am Neckar<\/p><p><span class=\"HwtZe\" lang=\"hr\"><span class=\"jCAhz ChMk0b\"><span class=\"ryNqvb\">Trgova\u010dki registar<\/span><\/span><\/span>: [<span class=\"HwtZe\" lang=\"hr\"><span class=\"jCAhz ChMk0b\"><span class=\"ryNqvb\">Broj upisa u registar<\/span><\/span><\/span>]<br \/><span class=\"HwtZe\" lang=\"hr\"><span class=\"jCAhz ChMk0b\"><span class=\"ryNqvb\">Registarski sud<\/span><\/span><\/span>: [<span class=\"HwtZe\" lang=\"hr\"><span class=\"jCAhz ChMk0b\"><span class=\"ryNqvb\">Naziv registarskog suda<\/span><\/span><\/span>]<\/p><h2>kontakt<\/h2><p><span class=\"HwtZe\" lang=\"hr\"><span class=\"jCAhz ChMk0b\"><span class=\"ryNqvb\">telefon<\/span><\/span><\/span>: +49 172 7678257<br \/><span class=\"HwtZe\" lang=\"hr\"><span class=\"jCAhz\"><span class=\"ryNqvb\">e-po\u0161ta<\/span><\/span><\/span>: info@immo-perle.com<\/p><h2><span class=\"HwtZe\" lang=\"hr\"><span class=\"jCAhz ChMk0b\"><span class=\"ryNqvb\">EU rje\u0161avanje sporova<\/span><\/span><\/span><\/h2><p><span class=\"HwtZe\" lang=\"hr\"><span class=\"jCAhz ChMk0b\"><span class=\"ryNqvb\">Europska komisija pru\u017ea platformu za online rje\u0161avanje sporova (OS)<\/span><\/span><\/span>: <a href=\"https:\/\/ec.europa.eu\/consumers\/odr\/\" target=\"_blank\" rel=\"noopener noreferrer\">https:\/\/ec.europa.eu\/consumers\/odr\/<\/a>.<br \/><span class=\"HwtZe\" lang=\"hr\"><span class=\"jCAhz ChMk0b\"><span class=\"ryNqvb\">Na\u0161u adresu e-po\u0161te mo\u017eete prona\u0107i u gornjoj pravnoj obavijesti<\/span><\/span><\/span>.<\/p><h2><span class=\"HwtZe\" lang=\"hr\"><span class=\"jCAhz ChMk0b\"><span class=\"ryNqvb\">Rje\u0161avanje potro\u0161a\u010dkih sporova<\/span><\/span><\/span>\/<span class=\"HwtZe\" lang=\"hr\"><span class=\"jCAhz ChMk0b\"><span class=\"ryNqvb\">Univerzalno arbitra\u017eno vije\u0107e<\/span><\/span><\/span><\/h2><p><span class=\"HwtZe\" lang=\"hr\"><span class=\"jCAhz ChMk0b\"><span class=\"ryNqvb\">Nismo voljni niti smo obvezni sudjelovati u postupcima rje\u0161avanja sporova pred arbitra\u017eom za potro\u0161a\u010de<\/span><\/span><\/span>.<\/p><p><span class=\"HwtZe\" lang=\"hr\"><span class=\"jCAhz ChMk0b\"><span class=\"ryNqvb\">izvor<\/span><\/span><\/span>: <a href=\"https:\/\/www.e-recht24.de\">e-recht24.de<\/a><\/p>\t\t\t\t\t\t\t\t<\/div>\n\t\t\t\t<\/div>\n\t\t\t\t\t<\/div>\n\t\t\t\t<\/div>\n\t\t\t\t<\/div>\n\t\t","protected":false},"excerpt":{"rendered":"<p>otisak Ivan MartincicImmoPerle e.K.Columbusstra\u00dfe 2271686 6 Remseck am Neckar Trgova\u010dki registar: [Broj upisa u registar]Registarski sud: [Naziv registarskog suda] kontakt telefon: +49 172 7678257e-po\u0161ta: info@immo-perle.com EU rje\u0161avanje sporova Europska komisija pru\u017ea platformu za online rje\u0161avanje sporova (OS): https:\/\/ec.europa.eu\/consumers\/odr\/.Na\u0161u adresu e-po\u0161te mo\u017eete prona\u0107i u gornjoj pravnoj obavijesti. Rje\u0161avanje potro\u0161a\u010dkih sporova\/Univerzalno arbitra\u017eno vije\u0107e Nismo voljni niti smo&#8230;<\/p>\n","protected":false},"author":2,"featured_media":0,"parent":0,"menu_order":0,"comment_status":"closed","ping_status":"closed","template":"","meta":{"inline_featured_image":false,"footnotes":""},"class_list":["post-5868","page","type-page","status-publish","hentry"],"_links":{"self":[{"href":"https:\/\/immo-perle.com\/hr\/wp-json\/wp\/v2\/pages\/5868","targetHints":{"allow":["GET"]}}],"collection":[{"href":"https:\/\/immo-perle.com\/hr\/wp-json\/wp\/v2\/pages"}],"about":[{"href":"https:\/\/immo-perle.com\/hr\/wp-json\/wp\/v2\/types\/page"}],"author":[{"embeddable":true,"href":"https:\/\/immo-perle.com\/hr\/wp-json\/wp\/v2\/users\/2"}],"replies":[{"embeddable":true,"href":"https:\/\/immo-perle.com\/hr\/wp-json\/wp\/v2\/comments?post=5868"}],"version-history":[{"count":9,"href":"https:\/\/immo-perle.com\/hr\/wp-json\/wp\/v2\/pages\/5868\/revisions"}],"predecessor-version":[{"id":6165,"href":"https:\/\/immo-perle.com\/hr\/wp-json\/wp\/v2\/pages\/5868\/revisions\/6165"}],"wp:attachment":[{"href":"https:\/\/immo-perle.com\/hr\/wp-json\/wp\/v2\/media?parent=5868"}],"curies":[{"name":"wp","href":"https:\/\/api.w.org\/{rel}","templated":true}]}}