{"id":5874,"date":"2024-12-13T15:19:52","date_gmt":"2024-12-13T14:19:52","guid":{"rendered":"https:\/\/immo-perle.com\/?page_id=5874"},"modified":"2025-12-03T11:32:49","modified_gmt":"2025-12-03T10:32:49","slug":"provizija-za-preporuku","status":"publish","type":"page","link":"https:\/\/immo-perle.com\/hr\/provizija-za-preporuku\/","title":{"rendered":"Provizija za preporuku"},"content":{"rendered":"\t\t<div data-elementor-type=\"wp-page\" data-elementor-id=\"5874\" class=\"elementor elementor-5874 elementor-5799\">\n\t\t\t\t<div class=\"elementor-element elementor-element-5d0f333 e-flex e-con-boxed e-con e-parent\" data-id=\"5d0f333\" data-element_type=\"container\">\n\t\t\t\t\t<div class=\"e-con-inner\">\n\t\t\r\n\t\t<div class=\"elementor-element elementor-element-a071820 elementor-widget elementor-widget-realarsectiontitle\" data-id=\"a071820\" data-element_type=\"widget\" data-widget_type=\"realarsectiontitle.default\">\n\t\t\t\t<div class=\"elementor-widget-container\">\n\t\t\t\t\t\t\t<div class=\"title-area text-left \">\r\n\t\t\t<span class=\"shadow-title common-title \">Preporuka<\/span><h3 class=\"sec-title \">Tipsterska provizija na ImmoPerleu \u2013 Preporu\u010dite i iskoristite!<\/h3><p>Poznajete li nekoga tko \u017eeli kupiti nekretninu ili\n\u017eelite financirati? Onda iskoristite priliku, samo jednu\nZaradite atraktivne bonuse!<\/p>\t\t<\/div>\r\n\r\n\t\t\t\t\t<\/div>\n\t\t\t\t<\/div>\n\t\t\t\t\t<\/div>\n\t\t\t\t<\/div>\n\t\t<div class=\"elementor-element elementor-element-ee4e727 e-flex e-con-boxed e-con e-parent\" data-id=\"ee4e727\" data-element_type=\"container\">\n\t\t\t\t\t<div class=\"e-con-inner\">\n\t\t\t\t<div class=\"elementor-element elementor-element-1fd7ea3 elementor-widget elementor-widget-realarsectiontitle\" data-id=\"1fd7ea3\" data-element_type=\"widget\" data-widget_type=\"realarsectiontitle.default\">\n\t\t\t\t<div class=\"elementor-widget-container\">\n\t\t\t\t\t\t\t<div class=\"title-area text-left \">\r\n\t\t\t<span class=\"shadow-title common-title \">Provizija<\/span><h3 class=\"sec-title \">\u0160to je tipster provizija?<\/h3><p>Kao davaocu napojnice dajete mi interesenta koji... \u017delite li kupiti\/financirati nekretninu? \u010cim posredovanje\/financiranje Nakon uspje\u0161nog zavr\u0161etka, dobit \u0107ete privla\u010dnu proviziju Hvala - bez napora, vrlo jednostavno.<\/p>\t\t<\/div>\r\n\r\n\t\t\t\t\t<\/div>\n\t\t\t\t<\/div>\n\t\t\t\t\t<\/div>\n\t\t\t\t<\/div>\n\t\t<div class=\"elementor-element elementor-element-11ab206 e-flex e-con-boxed e-con e-parent\" data-id=\"11ab206\" data-element_type=\"container\">\n\t\t\t\t\t<div class=\"e-con-inner\">\n\t\t<div class=\"elementor-element elementor-element-dabed36 e-con-full e-flex e-con e-child\" data-id=\"dabed36\" data-element_type=\"container\">\n\t\t\t\t<div class=\"elementor-element elementor-element-0de8e61 elementor-widget elementor-widget-image\" data-id=\"0de8e61\" data-element_type=\"widget\" data-widget_type=\"image.default\">\n\t\t\t\t<div class=\"elementor-widget-container\">\n\t\t\t\t\t\t\t\t\t\t\t\t\t\t\t<img fetchpriority=\"high\" decoding=\"async\" width=\"751\" height=\"751\" src=\"https:\/\/immo-perle.com\/wp-content\/uploads\/2025\/03\/dalle-2025-03-14-10-14-41-a-professional-real-estate-agent-shaking-hands-with-a-happy-client-in-front-of-a-modern-house-symbolizing-a-successful-property-referral-on-the-tabl-2-768x768.webp\" class=\"attachment-medium_large size-medium_large wp-image-6652\" alt=\"\" srcset=\"https:\/\/immo-perle.com\/wp-content\/uploads\/2025\/03\/dalle-2025-03-14-10-14-41-a-professional-real-estate-agent-shaking-hands-with-a-happy-client-in-front-of-a-modern-house-symbolizing-a-successful-property-referral-on-the-tabl-2-768x768.webp 768w, https:\/\/immo-perle.com\/wp-content\/uploads\/2025\/03\/dalle-2025-03-14-10-14-41-a-professional-real-estate-agent-shaking-hands-with-a-happy-client-in-front-of-a-modern-house-symbolizing-a-successful-property-referral-on-the-tabl-2-300x300.webp 300w, https:\/\/immo-perle.com\/wp-content\/uploads\/2025\/03\/dalle-2025-03-14-10-14-41-a-professional-real-estate-agent-shaking-hands-with-a-happy-client-in-front-of-a-modern-house-symbolizing-a-successful-property-referral-on-the-tabl-2-150x150.webp 150w, https:\/\/immo-perle.com\/wp-content\/uploads\/2025\/03\/dalle-2025-03-14-10-14-41-a-professional-real-estate-agent-shaking-hands-with-a-happy-client-in-front-of-a-modern-house-symbolizing-a-successful-property-referral-on-the-tabl-2-85x85.webp 85w, https:\/\/immo-perle.com\/wp-content\/uploads\/2025\/03\/dalle-2025-03-14-10-14-41-a-professional-real-estate-agent-shaking-hands-with-a-happy-client-in-front-of-a-modern-house-symbolizing-a-successful-property-referral-on-the-tabl-2-580x580.webp 580w, https:\/\/immo-perle.com\/wp-content\/uploads\/2025\/03\/dalle-2025-03-14-10-14-41-a-professional-real-estate-agent-shaking-hands-with-a-happy-client-in-front-of-a-modern-house-symbolizing-a-successful-property-referral-on-the-tabl-2.webp 1024w\" sizes=\"(max-width: 751px) 100vw, 751px\" \/>\t\t\t\t\t\t\t\t\t\t\t\t\t\t\t<\/div>\n\t\t\t\t<\/div>\n\t\t\t\t<\/div>\n\t\t<div class=\"elementor-element elementor-element-e70d36b e-con-full e-flex e-con e-child\" data-id=\"e70d36b\" data-element_type=\"container\">\n\t\t\t\t<div class=\"elementor-element elementor-element-55e492e elementor-widget elementor-widget-image\" data-id=\"55e492e\" data-element_type=\"widget\" data-widget_type=\"image.default\">\n\t\t\t\t<div class=\"elementor-widget-container\">\n\t\t\t\t\t\t\t\t\t\t\t\t\t\t\t<img decoding=\"async\" width=\"751\" height=\"501\" src=\"https:\/\/immo-perle.com\/wp-content\/uploads\/2025\/03\/amina-atar-Mqc-m8kgxkg-unsplash-1-1024x683.jpg\" class=\"attachment-large size-large wp-image-6722\" alt=\"\" srcset=\"https:\/\/immo-perle.com\/wp-content\/uploads\/2025\/03\/amina-atar-Mqc-m8kgxkg-unsplash-1-1024x683.jpg 1024w, https:\/\/immo-perle.com\/wp-content\/uploads\/2025\/03\/amina-atar-Mqc-m8kgxkg-unsplash-1-300x200.jpg 300w, https:\/\/immo-perle.com\/wp-content\/uploads\/2025\/03\/amina-atar-Mqc-m8kgxkg-unsplash-1-768x512.jpg 768w, https:\/\/immo-perle.com\/wp-content\/uploads\/2025\/03\/amina-atar-Mqc-m8kgxkg-unsplash-1-1536x1024.jpg 1536w, https:\/\/immo-perle.com\/wp-content\/uploads\/2025\/03\/amina-atar-Mqc-m8kgxkg-unsplash-1-2048x1366.jpg 2048w\" sizes=\"(max-width: 751px) 100vw, 751px\" \/>\t\t\t\t\t\t\t\t\t\t\t\t\t\t\t<\/div>\n\t\t\t\t<\/div>\n\t\t\t\t<\/div>\n\t\t\t\t\t<\/div>\n\t\t\t\t<\/div>\n\t\t<div class=\"elementor-element elementor-element-deb49a3 e-flex e-con-boxed e-con e-parent\" data-id=\"deb49a3\" data-element_type=\"container\">\n\t\t\t\t\t<div class=\"e-con-inner\">\n\t\t\t\t<div class=\"elementor-element elementor-element-af01198 elementor-widget elementor-widget-spacer\" data-id=\"af01198\" data-element_type=\"widget\" data-widget_type=\"spacer.default\">\n\t\t\t\t<div class=\"elementor-widget-container\">\n\t\t\t\t\t\t\t<div class=\"elementor-spacer\">\n\t\t\t<div class=\"elementor-spacer-inner\"><\/div>\n\t\t<\/div>\n\t\t\t\t\t\t<\/div>\n\t\t\t\t<\/div>\n\t\t\t\t\t<\/div>\n\t\t\t\t<\/div>\n\t\t<div class=\"elementor-element elementor-element-eba58f1 e-flex e-con-boxed e-con e-parent\" data-id=\"eba58f1\" data-element_type=\"container\">\n\t\t\t\t\t<div class=\"e-con-inner\">\n\t\t\t\t<div class=\"elementor-element elementor-element-96bd412 elementor-widget elementor-widget-realarsectiontitle\" data-id=\"96bd412\" data-element_type=\"widget\" data-widget_type=\"realarsectiontitle.default\">\n\t\t\t\t<div class=\"elementor-widget-container\">\n\t\t\t\t\t\t\t<div class=\"title-area text-left \">\r\n\t\t\t<span class=\"shadow-title common-title \">Funkcioniranje<\/span><h3 class=\"sec-title \">Ovako to funkcionira:<\/h3><p>Kao davaocu napojnice dajete mi interesenta koji... \u017delite li kupiti\/financirati nekretninu? \u010cim posredovanje\/financiranje Nakon uspje\u0161nog zavr\u0161etka, dobit \u0107ete privla\u010dnu proviziju Hvala - bez napora, vrlo jednostavno.<\/p>\t\t<\/div>\r\n\r\n\t\t\t\t\t<\/div>\n\t\t\t\t<\/div>\n\t\t\t\t\t<\/div>\n\t\t\t\t<\/div>\n\t\t<div class=\"elementor-element elementor-element-b446a84 e-flex e-con-boxed e-con e-parent\" data-id=\"b446a84\" data-element_type=\"container\">\n\t\t\t\t\t<div class=\"e-con-inner\">\n\t\t\t\t<div class=\"elementor-element elementor-element-cd7b934 elementor-widget elementor-widget-realarwp\" data-id=\"cd7b934\" data-element_type=\"widget\" data-widget_type=\"realarwp.default\">\n\t\t\t\t<div class=\"elementor-widget-container\">\n\t\t\t\t\t<div class=\"row gy-4 justify-content-center\"><div class=\"col-xxl-3 col-xl-4 col-md-6\"><div class=\"process-card\"><div class=\"box-number\">01<\/div><div class=\"box-content\" data-mask-src=\"https:\/\/immo-perle.com\/wp-content\/plugins\/elementor\/assets\/images\/placeholder.png\"><h3 class=\"box-title\">Preporu\u010dite me<\/h3><p class=\"box-text desc\">znate me Prijatelji, obitelj, kolege ili poznanici koji kupuju ili refinanciraju nekretninu \u017eelim?<\/p><\/div><\/div><\/div><div class=\"col-xxl-3 col-xl-4 col-md-6\"><div class=\"process-card\"><div class=\"box-number\">02<\/div><div class=\"box-content\" data-mask-src=\"https:\/\/immo-perle.com\/wp-content\/plugins\/elementor\/assets\/images\/placeholder.png\"><h3 class=\"box-title\">Javite mi koga da kontaktiram<\/h3><p class=\"box-text desc\">vas Mo\u017eete mi jednostavno poslati svoje podatke za kontakt ili mi poslati svoju preporuku Proslijedite zainteresiranima.<\/p><\/div><\/div><\/div><div class=\"col-xxl-3 col-xl-4 col-md-6\"><div class=\"process-card\"><div class=\"box-number\">03<\/div><div class=\"box-content\" data-mask-src=\"https:\/\/immo-perle.com\/wp-content\/plugins\/elementor\/assets\/images\/placeholder.png\"><h3 class=\"box-title\">Ja \u0107u se pobrinuti za ostalo<\/h3><p class=\"box-text desc\">Der Zainteresirani dobivaju opse\u017ean i stru\u010dan savjet Financiranje.<\/p><\/div><\/div><\/div><div class=\"col-xxl-3 col-xl-4 col-md-6\"><div class=\"process-card\"><div class=\"box-number\">04<\/div><div class=\"box-content\" data-mask-src=\"https:\/\/immo-perle.com\/wp-content\/plugins\/elementor\/assets\/images\/placeholder.png\"><h3 class=\"box-title\">Nakon uspje\u0161nog financiranja dobit \u0107ete Va\u0161a nagrada<\/h3><p class=\"box-text desc\">\u010cim Nakon \u0161to se zavr\u0161i financiranje preko mene, dobit \u0107ete svoje Tipsterska provizija pla\u0107ena.<\/p><\/div><\/div><\/div><\/div>\t\t\t\t<\/div>\n\t\t\t\t<\/div>\n\t\t\t\t\t<\/div>\n\t\t\t\t<\/div>\n\t\t<div class=\"elementor-element elementor-element-bb7ba0e e-flex e-con-boxed e-con e-parent\" data-id=\"bb7ba0e\" data-element_type=\"container\">\n\t\t\t\t\t<div class=\"e-con-inner\">\n\t\t<div class=\"elementor-element elementor-element-5c44661 e-con-full e-flex e-con e-child\" data-id=\"5c44661\" data-element_type=\"container\">\n\t\t\t\t<div class=\"elementor-element elementor-element-6f87618 elementor-widget elementor-widget-image\" data-id=\"6f87618\" data-element_type=\"widget\" data-widget_type=\"image.default\">\n\t\t\t\t<div class=\"elementor-widget-container\">\n\t\t\t\t\t\t\t\t\t\t\t\t\t\t\t<img decoding=\"async\" width=\"751\" height=\"403\" src=\"https:\/\/immo-perle.com\/wp-content\/uploads\/2025\/03\/business-7111764_1920-5-768x412.jpg\" class=\"attachment-medium_large size-medium_large wp-image-6649\" alt=\"\" srcset=\"https:\/\/immo-perle.com\/wp-content\/uploads\/2025\/03\/business-7111764_1920-5-768x412.jpg 768w, https:\/\/immo-perle.com\/wp-content\/uploads\/2025\/03\/business-7111764_1920-5-300x161.jpg 300w, https:\/\/immo-perle.com\/wp-content\/uploads\/2025\/03\/business-7111764_1920-5-1024x549.jpg 1024w, https:\/\/immo-perle.com\/wp-content\/uploads\/2025\/03\/business-7111764_1920-5-1536x823.jpg 1536w, https:\/\/immo-perle.com\/wp-content\/uploads\/2025\/03\/business-7111764_1920-5.jpg 1920w\" sizes=\"(max-width: 751px) 100vw, 751px\" \/>\t\t\t\t\t\t\t\t\t\t\t\t\t\t\t<\/div>\n\t\t\t\t<\/div>\n\t\t\t\t<\/div>\n\t\t<div class=\"elementor-element elementor-element-2d2010d e-con-full e-flex e-con e-child\" data-id=\"2d2010d\" data-element_type=\"container\">\n\t\t\t\t<div class=\"elementor-element elementor-element-6620db2 elementor-widget elementor-widget-image\" data-id=\"6620db2\" data-element_type=\"widget\" data-widget_type=\"image.default\">\n\t\t\t\t<div class=\"elementor-widget-container\">\n\t\t\t\t\t\t\t\t\t\t\t\t\t\t\t<img loading=\"lazy\" decoding=\"async\" width=\"751\" height=\"499\" src=\"https:\/\/immo-perle.com\/wp-content\/uploads\/2025\/03\/mediensturmer-aWf7mjwwJJo-unsplash-1-1024x681.jpg\" class=\"attachment-large size-large wp-image-6728\" alt=\"\" srcset=\"https:\/\/immo-perle.com\/wp-content\/uploads\/2025\/03\/mediensturmer-aWf7mjwwJJo-unsplash-1-1024x681.jpg 1024w, https:\/\/immo-perle.com\/wp-content\/uploads\/2025\/03\/mediensturmer-aWf7mjwwJJo-unsplash-1-300x200.jpg 300w, https:\/\/immo-perle.com\/wp-content\/uploads\/2025\/03\/mediensturmer-aWf7mjwwJJo-unsplash-1-768x511.jpg 768w, https:\/\/immo-perle.com\/wp-content\/uploads\/2025\/03\/mediensturmer-aWf7mjwwJJo-unsplash-1-1536x1022.jpg 1536w, https:\/\/immo-perle.com\/wp-content\/uploads\/2025\/03\/mediensturmer-aWf7mjwwJJo-unsplash-1-2048x1362.jpg 2048w\" sizes=\"(max-width: 751px) 100vw, 751px\" \/>\t\t\t\t\t\t\t\t\t\t\t\t\t\t\t<\/div>\n\t\t\t\t<\/div>\n\t\t\t\t<\/div>\n\t\t\t\t\t<\/div>\n\t\t\t\t<\/div>\n\t\t<div class=\"elementor-element elementor-element-9ba4fb9 e-flex e-con-boxed e-con e-parent\" data-id=\"9ba4fb9\" data-element_type=\"container\">\n\t\t\t\t\t<div class=\"e-con-inner\">\n\t\t\t\t<div class=\"elementor-element elementor-element-87cf925 elementor-widget elementor-widget-spacer\" data-id=\"87cf925\" data-element_type=\"widget\" data-widget_type=\"spacer.default\">\n\t\t\t\t<div class=\"elementor-widget-container\">\n\t\t\t\t\t\t\t<div class=\"elementor-spacer\">\n\t\t\t<div class=\"elementor-spacer-inner\"><\/div>\n\t\t<\/div>\n\t\t\t\t\t\t<\/div>\n\t\t\t\t<\/div>\n\t\t\t\t\t<\/div>\n\t\t\t\t<\/div>\n\t\t<div class=\"elementor-element elementor-element-9231e35 e-flex e-con-boxed e-con e-parent\" data-id=\"9231e35\" data-element_type=\"container\">\n\t\t\t\t\t<div class=\"e-con-inner\">\n\t\t\t\t<div class=\"elementor-element elementor-element-ccbd021 elementor-widget elementor-widget-realarsectiontitle\" data-id=\"ccbd021\" data-element_type=\"widget\" data-widget_type=\"realarsectiontitle.default\">\n\t\t\t\t<div class=\"elementor-widget-container\">\n\t\t\t\t\t\t\t<div class=\"title-area text-left \">\r\n\t\t\t<span class=\"shadow-title common-title \">Isplativo<\/span><h3 class=\"sec-title \">Za\u0161to vam se ovo isplati?<\/h3><p>Privla\u010dna nagrada \u2013 imate financijsku korist va\u0161a preporuka.\u00a0\n<br>\n<br>\n\u2714 Bez rizika, bez gnjava\u017ee - dajte samo jedan Savjet, ja \u0107u se pobrinuti za ostalo.\u00a0\n<br>\n<br>\n\u2714 Win-win situacija - va\u0161 prijatelj dobiva jedan optimalno rje\u0161enje financiranja, a za to \u0107ete biti i nagra\u0111eni.\n<br>\n<br>\n\u2714 100% transparentna obrada - Vi dobivate svoje Provizija odmah nakon zavr\u0161etka financiranja.<\/p>\t\t<\/div>\r\n\r\n\t\t\t\t\t<\/div>\n\t\t\t\t<\/div>\n\t\t\t\t\t<\/div>\n\t\t\t\t<\/div>\n\t\t<div class=\"elementor-element elementor-element-3e41ca5 e-flex e-con-boxed e-con e-parent\" data-id=\"3e41ca5\" data-element_type=\"container\">\n\t\t\t\t\t<div class=\"e-con-inner\">\n\t\t<div class=\"elementor-element elementor-element-7e1300b e-con-full e-flex e-con e-child\" data-id=\"7e1300b\" data-element_type=\"container\">\n\t\t\t\t<div class=\"elementor-element elementor-element-d7d5b77 elementor-widget elementor-widget-image\" data-id=\"d7d5b77\" data-element_type=\"widget\" data-widget_type=\"image.default\">\n\t\t\t\t<div class=\"elementor-widget-container\">\n\t\t\t\t\t\t\t\t\t\t\t\t\t\t\t<img loading=\"lazy\" decoding=\"async\" width=\"751\" height=\"925\" src=\"https:\/\/immo-perle.com\/wp-content\/uploads\/2025\/03\/elena-mozhvilo-j06gLuKK0GM-unsplash-2-831x1024.jpg\" class=\"attachment-large size-large wp-image-6642\" alt=\"\" srcset=\"https:\/\/immo-perle.com\/wp-content\/uploads\/2025\/03\/elena-mozhvilo-j06gLuKK0GM-unsplash-2-831x1024.jpg 831w, https:\/\/immo-perle.com\/wp-content\/uploads\/2025\/03\/elena-mozhvilo-j06gLuKK0GM-unsplash-2-244x300.jpg 244w, https:\/\/immo-perle.com\/wp-content\/uploads\/2025\/03\/elena-mozhvilo-j06gLuKK0GM-unsplash-2-768x946.jpg 768w, https:\/\/immo-perle.com\/wp-content\/uploads\/2025\/03\/elena-mozhvilo-j06gLuKK0GM-unsplash-2-1247x1536.jpg 1247w, https:\/\/immo-perle.com\/wp-content\/uploads\/2025\/03\/elena-mozhvilo-j06gLuKK0GM-unsplash-2-1662x2048.jpg 1662w\" sizes=\"(max-width: 751px) 100vw, 751px\" \/>\t\t\t\t\t\t\t\t\t\t\t\t\t\t\t<\/div>\n\t\t\t\t<\/div>\n\t\t\t\t<\/div>\n\t\t<div class=\"elementor-element elementor-element-2954037 e-con-full e-flex e-con e-child\" data-id=\"2954037\" data-element_type=\"container\">\n\t\t\t\t<div class=\"elementor-element elementor-element-1bb32bb elementor-widget elementor-widget-image\" data-id=\"1bb32bb\" data-element_type=\"widget\" data-widget_type=\"image.default\">\n\t\t\t\t<div class=\"elementor-widget-container\">\n\t\t\t\t\t\t\t\t\t\t\t\t\t\t\t<img loading=\"lazy\" decoding=\"async\" width=\"751\" height=\"501\" src=\"https:\/\/immo-perle.com\/wp-content\/uploads\/2025\/03\/danny-howe-98KlbUsOO_w-unsplash-2-1024x683.jpg\" class=\"attachment-large size-large wp-image-6731\" alt=\"\" srcset=\"https:\/\/immo-perle.com\/wp-content\/uploads\/2025\/03\/danny-howe-98KlbUsOO_w-unsplash-2-1024x683.jpg 1024w, https:\/\/immo-perle.com\/wp-content\/uploads\/2025\/03\/danny-howe-98KlbUsOO_w-unsplash-2-300x200.jpg 300w, https:\/\/immo-perle.com\/wp-content\/uploads\/2025\/03\/danny-howe-98KlbUsOO_w-unsplash-2-768x512.jpg 768w, https:\/\/immo-perle.com\/wp-content\/uploads\/2025\/03\/danny-howe-98KlbUsOO_w-unsplash-2-1536x1024.jpg 1536w, https:\/\/immo-perle.com\/wp-content\/uploads\/2025\/03\/danny-howe-98KlbUsOO_w-unsplash-2-2048x1365.jpg 2048w\" sizes=\"(max-width: 751px) 100vw, 751px\" \/>\t\t\t\t\t\t\t\t\t\t\t\t\t\t\t<\/div>\n\t\t\t\t<\/div>\n\t\t\t\t<\/div>\n\t\t\t\t\t<\/div>\n\t\t\t\t<\/div>\n\t\t<div class=\"elementor-element elementor-element-c3fd9f1 e-flex e-con-boxed e-con e-parent\" data-id=\"c3fd9f1\" data-element_type=\"container\">\n\t\t\t\t\t<div class=\"e-con-inner\">\n\t\t\t\t<div class=\"elementor-element elementor-element-6b4d4f3 elementor-widget elementor-widget-spacer\" data-id=\"6b4d4f3\" data-element_type=\"widget\" data-widget_type=\"spacer.default\">\n\t\t\t\t<div class=\"elementor-widget-container\">\n\t\t\t\t\t\t\t<div class=\"elementor-spacer\">\n\t\t\t<div class=\"elementor-spacer-inner\"><\/div>\n\t\t<\/div>\n\t\t\t\t\t\t<\/div>\n\t\t\t\t<\/div>\n\t\t\t\t\t<\/div>\n\t\t\t\t<\/div>\n\t\t<div class=\"elementor-element elementor-element-32b5743 e-flex e-con-boxed e-con e-parent\" data-id=\"32b5743\" data-element_type=\"container\">\n\t\t\t\t\t<div class=\"e-con-inner\">\n\t\t\t\t<div class=\"elementor-element elementor-element-42949b6 elementor-widget elementor-widget-realarsectiontitle\" data-id=\"42949b6\" data-element_type=\"widget\" data-widget_type=\"realarsectiontitle.default\">\n\t\t\t\t<div class=\"elementor-widget-container\">\n\t\t\t\t\t\t\t<div class=\"title-area text-left \">\r\n\t\t\t<span class=\"shadow-title common-title \">Nastavak<\/span><h3 class=\"sec-title \">Kako da nastavim ovdje?<\/h3><p>Imate li nekoga na umu kome je potrebno financiranje?\nZatim me kontaktirajte bez obaveze telefonom ili e-po\u0161tom. obja\u0161njavam\nSve ostalo vama i osigurajte nesmetanu transakciju.\n\nIskoristite priliku \u2013 va\u0161a preporuka \u0107e se isplatiti\nod!\n\n\n<\/p>\t\t<\/div>\r\n\r\n\t\t\t\t\t<\/div>\n\t\t\t\t<\/div>\n\t\t\t\t\t<\/div>\n\t\t\t\t<\/div>\n\t\t\t\t<\/div>\n\t\t","protected":false},"excerpt":{"rendered":"<p>Preporuka Tipsterska provizija na ImmoPerleu \u2013 Preporu\u010dite i iskoristite! Poznajete li nekoga tko \u017eeli kupiti nekretninu ili \u017eelite financirati? Onda iskoristite priliku, samo jednu Zaradite atraktivne bonuse! Provizija \u0160to je tipster provizija? Kao davaocu napojnice dajete mi interesenta koji&#8230; \u017delite li kupiti\/financirati nekretninu? \u010cim posredovanje\/financiranje Nakon uspje\u0161nog zavr\u0161etka, dobit \u0107ete privla\u010dnu proviziju Hvala &#8211; bez&#8230;<\/p>\n","protected":false},"author":2,"featured_media":0,"parent":0,"menu_order":0,"comment_status":"closed","ping_status":"closed","template":"","meta":{"inline_featured_image":false,"footnotes":""},"class_list":["post-5874","page","type-page","status-publish","hentry"],"_links":{"self":[{"href":"https:\/\/immo-perle.com\/hr\/wp-json\/wp\/v2\/pages\/5874","targetHints":{"allow":["GET"]}}],"collection":[{"href":"https:\/\/immo-perle.com\/hr\/wp-json\/wp\/v2\/pages"}],"about":[{"href":"https:\/\/immo-perle.com\/hr\/wp-json\/wp\/v2\/types\/page"}],"author":[{"embeddable":true,"href":"https:\/\/immo-perle.com\/hr\/wp-json\/wp\/v2\/users\/2"}],"replies":[{"embeddable":true,"href":"https:\/\/immo-perle.com\/hr\/wp-json\/wp\/v2\/comments?post=5874"}],"version-history":[{"count":32,"href":"https:\/\/immo-perle.com\/hr\/wp-json\/wp\/v2\/pages\/5874\/revisions"}],"predecessor-version":[{"id":8349,"href":"https:\/\/immo-perle.com\/hr\/wp-json\/wp\/v2\/pages\/5874\/revisions\/8349"}],"wp:attachment":[{"href":"https:\/\/immo-perle.com\/hr\/wp-json\/wp\/v2\/media?parent=5874"}],"curies":[{"name":"wp","href":"https:\/\/api.w.org\/{rel}","templated":true}]}}