{"id":5876,"date":"2024-12-13T15:38:38","date_gmt":"2024-12-13T14:38:38","guid":{"rendered":"https:\/\/immo-perle.com\/?page_id=5876"},"modified":"2025-12-03T12:18:27","modified_gmt":"2025-12-03T11:18:27","slug":"agencija-za-nekretnine-i-gradnja-u-hrvatskoj","status":"publish","type":"page","link":"https:\/\/immo-perle.com\/hr\/agencija-za-nekretnine-i-gradnja-u-hrvatskoj\/","title":{"rendered":"Agencija za nekretnine i gradnja u Hrvatskoj"},"content":{"rendered":"\t\t<div data-elementor-type=\"wp-page\" data-elementor-id=\"5876\" class=\"elementor elementor-5876 elementor-5802\">\n\t\t\t\t<div class=\"elementor-element elementor-element-b84019c e-flex e-con-boxed e-con e-parent\" data-id=\"b84019c\" data-element_type=\"container\">\n\t\t\t\t\t<div class=\"e-con-inner\">\n\t\t\r\n\t\t<div class=\"elementor-element elementor-element-a00aab2 elementor-widget elementor-widget-realarsectiontitle\" data-id=\"a00aab2\" data-element_type=\"widget\" data-widget_type=\"realarsectiontitle.default\">\n\t\t\t\t<div class=\"elementor-widget-container\">\n\t\t\t\t\t\t\t<div class=\"title-area text-left \">\r\n\t\t\t<span class=\"shadow-title common-title \">Nekretnine<\/span><h3 class=\"sec-title \">Posredovanje nekretninama i gradnja u Hrvatskoj<\/h3><p>Tra\u017eite li nekretninu iz snova u Hrvatskoj ili \u017eelite realizirati vlastiti gra\u0111evinski projekt? Na\u0161a sveobuhvatna usluga pokriva sve \u2013 od posredovanja pri kupnji nekretnina do potpune realizacije va\u0161eg gra\u0111evinskog projekta.<\/p>\t\t<\/div>\r\n\r\n\t\t\t\t\t<\/div>\n\t\t\t\t<\/div>\n\t\t\t\t\t<\/div>\n\t\t\t\t<\/div>\n\t\t<div class=\"elementor-element elementor-element-64bdec9 e-flex e-con-boxed e-con e-parent\" data-id=\"64bdec9\" data-element_type=\"container\">\n\t\t\t\t\t<div class=\"e-con-inner\">\n\t\t\t\t<div class=\"elementor-element elementor-element-980f0b1 elementor-widget elementor-widget-realarsectiontitle\" data-id=\"980f0b1\" data-element_type=\"widget\" data-widget_type=\"realarsectiontitle.default\">\n\t\t\t\t<div class=\"elementor-widget-container\">\n\t\t\t\t\t\t\t<div class=\"title-area text-left \">\r\n\t\t\t<span class=\"shadow-title common-title \">Usluge<\/span><h3 class=\"sec-title \">Na\u0161e usluge uklju\u010duju:<\/h3><p>\u2714 Posredovanje pri kupnji nekretnina \u2013 Poma\u017eemo vam prona\u0107i savr\u0161enu nekretninu, bilo da se radi o ku\u0107i za odmor, luksuznoj vili ili investicijskoj nekretnini. Zahvaljuju\u0107i na\u0161oj \u0161irokoj mre\u017ei partnera imamo pristup ekskluzivnim ponudama i pratimo vas kroz cijeli proces kupnje \u2013 od prvog pregleda do potpisivanja ugovora.\n<br>\n<br>\n\u2714 Individualno savjetovanje \u2013 Svaki projekt je jedinstven. Savjetujemo vas o najboljim lokacijama, pravnim okvirima i mogu\u0107nostima financiranja kako bi va\u0161a investicija bila sigurna i isplativa.\n<br>\n<br>\n\u2714 Planiranje i realizacija gradnje \u2013 \u017delite izgraditi ku\u0107u prema vlastitim \u017eeljama? Na\u0161 tim arhitekata, in\u017eenjera i gra\u0111evinskih stru\u010dnjaka osigurava profesionalno planiranje i izvo\u0111enje radova. Od isho\u0111enja gra\u0111evinske dozvole do primopredaje klju\u010deva \u2013 brinemo se o svakom detalju.\n<br>\n<br>\n\u2714 Obnova i renovacija \u2013 Ako \u017eelite modernizirati ili pro\u0161iriti postoje\u0107u nekretninu, nudimo sveobuhvatne usluge obnove i renovacije. Koristimo visokokvalitetne materijale i suvremene tehnike gradnje kako bismo pove\u0107ali vrijednost va\u0161e nekretnine.\n<br>\n<br>\n\u2714 Potpuna podr\u0161ka na terenu \u2013 Na\u0161a usluga ne zavr\u0161ava kupnjom ili gradnjom. Poma\u017eemo vam i nakon toga \u2013 bilo da se radi o upravljanju nekretninom, iznajmljivanju ili bilo kojem drugom aspektu, kako biste bezbri\u017eno u\u017eivali u svom novom domu.\n<br>\n<br>\nZahvaljuju\u0107i na\u0161em dugogodi\u0161njem iskustvu i sna\u017enoj mre\u017ei u Hrvatskoj, osiguravamo transparentan i bezbri\u017ean proces. Zajedno mo\u017eemo ostvariti va\u0161 projekt iz snova!<\/p>\t\t<\/div>\r\n\r\n\t\t\t\t\t<\/div>\n\t\t\t\t<\/div>\n\t\t\t\t\t<\/div>\n\t\t\t\t<\/div>\n\t\t<div class=\"elementor-element elementor-element-79b06c8 e-flex e-con-boxed e-con e-parent\" data-id=\"79b06c8\" data-element_type=\"container\">\n\t\t\t\t\t<div class=\"e-con-inner\">\n\t\t<div class=\"elementor-element elementor-element-8b6e113 e-con-full e-flex e-con e-child\" data-id=\"8b6e113\" data-element_type=\"container\">\n\t\t\t\t<div class=\"elementor-element elementor-element-378234b elementor-widget elementor-widget-image\" data-id=\"378234b\" data-element_type=\"widget\" data-widget_type=\"image.default\">\n\t\t\t\t<div class=\"elementor-widget-container\">\n\t\t\t\t\t\t\t\t\t\t\t\t\t\t\t<img fetchpriority=\"high\" decoding=\"async\" width=\"751\" height=\"500\" src=\"https:\/\/immo-perle.com\/wp-content\/uploads\/2025\/03\/residence-2219972_1280-1-1024x682.jpg\" class=\"attachment-large size-large wp-image-6587\" alt=\"\" srcset=\"https:\/\/immo-perle.com\/wp-content\/uploads\/2025\/03\/residence-2219972_1280-1-1024x682.jpg 1024w, https:\/\/immo-perle.com\/wp-content\/uploads\/2025\/03\/residence-2219972_1280-1-300x200.jpg 300w, https:\/\/immo-perle.com\/wp-content\/uploads\/2025\/03\/residence-2219972_1280-1-768x512.jpg 768w, https:\/\/immo-perle.com\/wp-content\/uploads\/2025\/03\/residence-2219972_1280-1.jpg 1280w\" sizes=\"(max-width: 751px) 100vw, 751px\" \/>\t\t\t\t\t\t\t\t\t\t\t\t\t\t\t<\/div>\n\t\t\t\t<\/div>\n\t\t\t\t<\/div>\n\t\t<div class=\"elementor-element elementor-element-e67284d e-con-full e-flex e-con e-child\" data-id=\"e67284d\" data-element_type=\"container\">\n\t\t\t\t<div class=\"elementor-element elementor-element-48666b4 elementor-widget elementor-widget-image\" data-id=\"48666b4\" data-element_type=\"widget\" data-widget_type=\"image.default\">\n\t\t\t\t<div class=\"elementor-widget-container\">\n\t\t\t\t\t\t\t\t\t\t\t\t\t\t\t<img decoding=\"async\" width=\"751\" height=\"500\" src=\"https:\/\/immo-perle.com\/wp-content\/uploads\/2025\/03\/nature-6862612_1280-1-1024x682.jpg\" class=\"attachment-large size-large wp-image-6584\" alt=\"\" srcset=\"https:\/\/immo-perle.com\/wp-content\/uploads\/2025\/03\/nature-6862612_1280-1-1024x682.jpg 1024w, https:\/\/immo-perle.com\/wp-content\/uploads\/2025\/03\/nature-6862612_1280-1-300x200.jpg 300w, https:\/\/immo-perle.com\/wp-content\/uploads\/2025\/03\/nature-6862612_1280-1-768x512.jpg 768w, https:\/\/immo-perle.com\/wp-content\/uploads\/2025\/03\/nature-6862612_1280-1.jpg 1280w\" sizes=\"(max-width: 751px) 100vw, 751px\" \/>\t\t\t\t\t\t\t\t\t\t\t\t\t\t\t<\/div>\n\t\t\t\t<\/div>\n\t\t\t\t<\/div>\n\t\t\t\t\t<\/div>\n\t\t\t\t<\/div>\n\t\t<div class=\"elementor-element elementor-element-d2fcfaa e-flex e-con-boxed e-con e-parent\" data-id=\"d2fcfaa\" data-element_type=\"container\">\n\t\t\t\t\t<div class=\"e-con-inner\">\n\t\t\t\t<div class=\"elementor-element elementor-element-c78326d elementor-widget elementor-widget-spacer\" data-id=\"c78326d\" data-element_type=\"widget\" data-widget_type=\"spacer.default\">\n\t\t\t\t<div class=\"elementor-widget-container\">\n\t\t\t\t\t\t\t<div class=\"elementor-spacer\">\n\t\t\t<div class=\"elementor-spacer-inner\"><\/div>\n\t\t<\/div>\n\t\t\t\t\t\t<\/div>\n\t\t\t\t<\/div>\n\t\t\t\t\t<\/div>\n\t\t\t\t<\/div>\n\t\t<div class=\"elementor-element elementor-element-17eeda0 e-flex e-con-boxed e-con e-parent\" data-id=\"17eeda0\" data-element_type=\"container\">\n\t\t\t\t\t<div class=\"e-con-inner\">\n\t\t\t\t<div class=\"elementor-element elementor-element-54f758d elementor-widget elementor-widget-realarsectiontitle\" data-id=\"54f758d\" data-element_type=\"widget\" data-widget_type=\"realarsectiontitle.default\">\n\t\t\t\t<div class=\"elementor-widget-container\">\n\t\t\t\t\t\t\t<div class=\"title-area text-left \">\r\n\t\t\t<span class=\"shadow-title common-title \">Ulaganja<\/span><h3 class=\"sec-title \">Za\u0161to se isplati ulagati ili graditi u Hrvatskoj?<\/h3><p>Prekrasna lokacija i visoka kvaliteta \u017eivota \u2013 Hrvatska o\u010darava svojom netaknutom prirodom, kristalno \u010distim morem, \u0161armantnim obalnim gradovima i mediteranskom klimom. Bez obzira tra\u017eite li drugi dom, mjesto za umirovljenje ili isplativo ulaganje, nekretnina u Hrvatskoj nudi vrhunsku kvalitetu \u017eivota.\n<br>\n<br>\nPove\u0107anje vrijednosti i atraktivni povrati na ulaganje \u2013 Tr\u017ei\u0161te nekretnina u Hrvatskoj stalno raste, posebno u popularnim regijama poput Istre, Dalmacije i otoka. Ulaganje u nekretnine mo\u017ee donijeti dugoro\u010dnu dobit, bilo kroz pove\u0107anje vrijednosti ili prihode od turisti\u010dkog najma.\n<br>\n<br>\nMogu\u0107nost prilagodbe i gradnje po va\u0161im \u017eeljama \u2013 Bilo da gradite od temelja ili renovirate postoje\u0107u nekretninu, u Hrvatskoj imate slobodu dizajniranja prema vlastitim \u017eeljama. Uz na\u0161u pomo\u0107 mo\u017eete realizirati ku\u0107u iz snova ili profitabilan investicijski projekt.\n<br>\n<br>\nPovoljni porezni uvjeti \u2013 Hrvatska nudi stranim investitorima atraktivne porezne olak\u0161ice, osobito kada je rije\u010d o kupnji i iznajmljivanju nekretnina. Savjetujemo vas o svim va\u017enim pravnim i financijskim aspektima kako biste ulagali sigurno i isplativo.\n<br>\n<br>\nPouzdana podr\u0161ka na lokalnom tr\u017ei\u0161tu \u2013 Zahvaljuju\u0107i na\u0161oj sna\u017enoj mre\u017ei u Hrvatskoj, brinemo se o svim aspektima \u2013 od pronalaska nekretnine i kupoprodajnog procesa do izgradnje i upravljanja, \u0161tede\u0107i vam vrijeme i smanjuju\u0107i rizike.\n<br>\n<br>\nBilo da kupujete za osobnu upotrebu ili kao investiciju, Hrvatska je tr\u017ei\u0161te s velikim potencijalom. Zajedno mo\u017eemo ostvariti va\u0161e planove!<\/p>\t\t<\/div>\r\n\r\n\t\t\t\t\t<\/div>\n\t\t\t\t<\/div>\n\t\t\t\t\t<\/div>\n\t\t\t\t<\/div>\n\t\t<div class=\"elementor-element elementor-element-b608d4a e-flex e-con-boxed e-con e-parent\" data-id=\"b608d4a\" data-element_type=\"container\">\n\t\t\t\t\t<div class=\"e-con-inner\">\n\t\t<div class=\"elementor-element elementor-element-5218a34 e-con-full e-flex e-con e-child\" data-id=\"5218a34\" data-element_type=\"container\">\n\t\t\t\t<div class=\"elementor-element elementor-element-6e196a5 elementor-widget elementor-widget-image\" data-id=\"6e196a5\" data-element_type=\"widget\" data-widget_type=\"image.default\">\n\t\t\t\t<div class=\"elementor-widget-container\">\n\t\t\t\t\t\t\t\t\t\t\t\t\t\t\t<img decoding=\"async\" width=\"751\" height=\"433\" src=\"https:\/\/immo-perle.com\/wp-content\/uploads\/2025\/03\/croatia-8123037_1280-1-1024x590.jpg\" class=\"attachment-large size-large wp-image-6590\" alt=\"\" srcset=\"https:\/\/immo-perle.com\/wp-content\/uploads\/2025\/03\/croatia-8123037_1280-1-1024x590.jpg 1024w, https:\/\/immo-perle.com\/wp-content\/uploads\/2025\/03\/croatia-8123037_1280-1-300x173.jpg 300w, https:\/\/immo-perle.com\/wp-content\/uploads\/2025\/03\/croatia-8123037_1280-1-768x442.jpg 768w, https:\/\/immo-perle.com\/wp-content\/uploads\/2025\/03\/croatia-8123037_1280-1.jpg 1280w\" sizes=\"(max-width: 751px) 100vw, 751px\" \/>\t\t\t\t\t\t\t\t\t\t\t\t\t\t\t<\/div>\n\t\t\t\t<\/div>\n\t\t\t\t<\/div>\n\t\t<div class=\"elementor-element elementor-element-ee484a6 e-con-full e-flex e-con e-child\" data-id=\"ee484a6\" data-element_type=\"container\">\n\t\t\t\t<div class=\"elementor-element elementor-element-3109156 elementor-widget elementor-widget-image\" data-id=\"3109156\" data-element_type=\"widget\" data-widget_type=\"image.default\">\n\t\t\t\t<div class=\"elementor-widget-container\">\n\t\t\t\t\t\t\t\t\t\t\t\t\t\t\t<img loading=\"lazy\" decoding=\"async\" width=\"751\" height=\"500\" src=\"https:\/\/immo-perle.com\/wp-content\/uploads\/2025\/03\/blueprint-964629_1280-1-1024x682.jpg\" class=\"attachment-large size-large wp-image-6581\" alt=\"\" srcset=\"https:\/\/immo-perle.com\/wp-content\/uploads\/2025\/03\/blueprint-964629_1280-1-1024x682.jpg 1024w, https:\/\/immo-perle.com\/wp-content\/uploads\/2025\/03\/blueprint-964629_1280-1-300x200.jpg 300w, https:\/\/immo-perle.com\/wp-content\/uploads\/2025\/03\/blueprint-964629_1280-1-768x512.jpg 768w, https:\/\/immo-perle.com\/wp-content\/uploads\/2025\/03\/blueprint-964629_1280-1.jpg 1280w\" sizes=\"(max-width: 751px) 100vw, 751px\" \/>\t\t\t\t\t\t\t\t\t\t\t\t\t\t\t<\/div>\n\t\t\t\t<\/div>\n\t\t\t\t<\/div>\n\t\t\t\t\t<\/div>\n\t\t\t\t<\/div>\n\t\t<div class=\"elementor-element elementor-element-4ddc4e9 e-flex e-con-boxed e-con e-parent\" data-id=\"4ddc4e9\" data-element_type=\"container\">\n\t\t\t\t\t<div class=\"e-con-inner\">\n\t\t\t\t<div class=\"elementor-element elementor-element-248158a elementor-widget elementor-widget-spacer\" data-id=\"248158a\" data-element_type=\"widget\" data-widget_type=\"spacer.default\">\n\t\t\t\t<div class=\"elementor-widget-container\">\n\t\t\t\t\t\t\t<div class=\"elementor-spacer\">\n\t\t\t<div class=\"elementor-spacer-inner\"><\/div>\n\t\t<\/div>\n\t\t\t\t\t\t<\/div>\n\t\t\t\t<\/div>\n\t\t\t\t\t<\/div>\n\t\t\t\t<\/div>\n\t\t<div class=\"elementor-element elementor-element-2685e2e e-flex e-con-boxed e-con e-parent\" data-id=\"2685e2e\" data-element_type=\"container\">\n\t\t\t\t\t<div class=\"e-con-inner\">\n\t\t\t\t<div class=\"elementor-element elementor-element-ca0b4ed elementor-widget elementor-widget-realarsectiontitle\" data-id=\"ca0b4ed\" data-element_type=\"widget\" data-widget_type=\"realarsectiontitle.default\">\n\t\t\t\t<div class=\"elementor-widget-container\">\n\t\t\t\t\t\t\t<div class=\"title-area text-left \">\r\n\t\t\t<span class=\"shadow-title common-title \">Trenutak<\/span><h3 class=\"sec-title \">Za\u0161to je sada pravi trenutak?<\/h3><p>Rastu\u0107a potra\u017enja \u2013 Hrvatska postaje sve atraktivnija destinacija za kupce i investitore. Oni koji ranije ulo\u017ee mogu iskoristiti povoljne cijene prije nego \u0161to daljnji rast potra\u017enje dodatno pove\u0107a vrijednost nekretnina.\n<br>\n<br>\nEkonomska stabilnost i \u010dlanstvo u EU \u2013 Hrvatska je stabilna dr\u017eava \u010dlanica Europske unije s rastu\u0107im gospodarstvom. Ulazak u Schengen zonu i eurozonu dodatno olak\u0161ava transakcije te \u010dini kupnju i upravljanje nekretninama jo\u0161 povoljnijim za gra\u0111ane EU-a.\n<br>\n<br>\nOdr\u017eivi gra\u0111evinski projekti i moderna infrastruktura \u2013 Sve vi\u0161e se ula\u017ee u odr\u017eive gra\u0111evinske projekte i modernu infrastrukturu, \u0161to dodatno pove\u0107ava vrijednost nekretnina i pobolj\u0161ava kvalitetu \u017eivota.\n<br>\n<br>\nIskoristite jedinstvene prilike \u2013 Bilo da tra\u017eite ku\u0107u za odmor, trajni dom ili investicijski projekt, hrvatsko tr\u017ei\u0161te nudi brojne mogu\u0107nosti koje mo\u017eemo prilagoditi va\u0161im potrebama i ciljevima.\n<br>\n<br>\nDjelujte sada i osigurajte svoju idealnu nekretninu \u2013 Najbolje lokacije brzo se prodaju! Planiranjem i ulaganjem u pravo vrijeme mo\u017eete ostvariti dugoro\u010dne prednosti i maksimalno iskoristiti rastu\u0107i potencijal tr\u017ei\u0161ta.<\/p>\t\t<\/div>\r\n\r\n\t\t\t\t\t<\/div>\n\t\t\t\t<\/div>\n\t\t\t\t\t<\/div>\n\t\t\t\t<\/div>\n\t\t\t\t<\/div>\n\t\t","protected":false},"excerpt":{"rendered":"<p>Nekretnine Posredovanje nekretninama i gradnja u Hrvatskoj Tra\u017eite li nekretninu iz snova u Hrvatskoj ili \u017eelite realizirati vlastiti gra\u0111evinski projekt? Na\u0161a sveobuhvatna usluga pokriva sve \u2013 od posredovanja pri kupnji nekretnina do potpune realizacije va\u0161eg gra\u0111evinskog projekta. Usluge Na\u0161e usluge uklju\u010duju: \u2714 Posredovanje pri kupnji nekretnina \u2013 Poma\u017eemo vam prona\u0107i savr\u0161enu nekretninu, bilo da se&#8230;<\/p>\n","protected":false},"author":2,"featured_media":0,"parent":0,"menu_order":0,"comment_status":"closed","ping_status":"closed","template":"","meta":{"inline_featured_image":false,"footnotes":""},"class_list":["post-5876","page","type-page","status-publish","hentry"],"_links":{"self":[{"href":"https:\/\/immo-perle.com\/hr\/wp-json\/wp\/v2\/pages\/5876","targetHints":{"allow":["GET"]}}],"collection":[{"href":"https:\/\/immo-perle.com\/hr\/wp-json\/wp\/v2\/pages"}],"about":[{"href":"https:\/\/immo-perle.com\/hr\/wp-json\/wp\/v2\/types\/page"}],"author":[{"embeddable":true,"href":"https:\/\/immo-perle.com\/hr\/wp-json\/wp\/v2\/users\/2"}],"replies":[{"embeddable":true,"href":"https:\/\/immo-perle.com\/hr\/wp-json\/wp\/v2\/comments?post=5876"}],"version-history":[{"count":20,"href":"https:\/\/immo-perle.com\/hr\/wp-json\/wp\/v2\/pages\/5876\/revisions"}],"predecessor-version":[{"id":8369,"href":"https:\/\/immo-perle.com\/hr\/wp-json\/wp\/v2\/pages\/5876\/revisions\/8369"}],"wp:attachment":[{"href":"https:\/\/immo-perle.com\/hr\/wp-json\/wp\/v2\/media?parent=5876"}],"curies":[{"name":"wp","href":"https:\/\/api.w.org\/{rel}","templated":true}]}}