{"id":5878,"date":"2024-12-13T15:38:38","date_gmt":"2024-12-13T14:38:38","guid":{"rendered":"https:\/\/immo-perle.com\/?page_id=5878"},"modified":"2025-12-03T12:58:09","modified_gmt":"2025-12-03T11:58:09","slug":"zahtjevi-za-kupnju-nekretnina","status":"publish","type":"page","link":"https:\/\/immo-perle.com\/hr\/zahtjevi-za-kupnju-nekretnina\/","title":{"rendered":"Zahtjevi za kupnju nekretnina"},"content":{"rendered":"\t\t<div data-elementor-type=\"wp-page\" data-elementor-id=\"5878\" class=\"elementor elementor-5878 elementor-5804\">\n\t\t\t\t<div class=\"elementor-element elementor-element-df88df7 e-flex e-con-boxed e-con e-parent\" data-id=\"df88df7\" data-element_type=\"container\">\n\t\t\t\t\t<div class=\"e-con-inner\">\n\t\t\r\n\t\t<div class=\"elementor-element elementor-element-9b35daf elementor-widget elementor-widget-realarsectiontitle\" data-id=\"9b35daf\" data-element_type=\"widget\" data-widget_type=\"realarsectiontitle.default\">\n\t\t\t\t<div class=\"elementor-widget-container\">\n\t\t\t\t\t\t\t<div class=\"title-area text-left \">\r\n\t\t\t<span class=\"shadow-title common-title \">Pretraga<\/span><h3 class=\"sec-title \">Tra\u017eite dom iz snova ili nekretninu za ulaganje, ali nemate vremena pratiti tr\u017ei\u0161te? Ja \u0107u to u\u010diniti za vas!<\/h3>\t\t<\/div>\r\n\r\n\t\t\t\t\t<\/div>\n\t\t\t\t<\/div>\n\t\t\t\t\t<\/div>\n\t\t\t\t<\/div>\n\t\t<div class=\"elementor-element elementor-element-2b74708 e-flex e-con-boxed e-con e-parent\" data-id=\"2b74708\" data-element_type=\"container\">\n\t\t\t\t\t<div class=\"e-con-inner\">\n\t\t\t\t<div class=\"elementor-element elementor-element-86c9991 elementor-widget elementor-widget-realarsectiontitle\" data-id=\"86c9991\" data-element_type=\"widget\" data-widget_type=\"realarsectiontitle.default\">\n\t\t\t\t<div class=\"elementor-widget-container\">\n\t\t\t\t\t\t\t<div class=\"title-area text-left \">\r\n\t\t\t<span class=\"shadow-title common-title \">Usluge<\/span><h3 class=\"sec-title \">Moje usluge za vas:<\/h3><p>\u2714 Ciljana poveznica s kupcima\nRadim s potencijalnim kupcima koji ve\u0107 imaju konkretne namjere kupnje i tra\u017ee odgovaraju\u0107u nekretninu.\n\n\u2714 Procjena u skladu s tr\u017ei\u0161tem\nOsiguravam da se va\u0161a nekretnina nudi po realnim i tr\u017ei\u0161no prilago\u0111enim uvjetima.\n<br>\n<br>\n\u2714 Diskretna prodaja (opcionalno)\nAko \u017eelite, prodajni proces mo\u017ee se odvijati bez javnih oglasa \u2013 va\u0161a nekretnina bit \u0107e ponu\u0111ena samo ozbiljnim kupcima iz moje mre\u017ee.\n<br>\n<br>\n\u2714 Organizacija i koordinacija\nPreuzimam komunikaciju s kupcima, organiziram obilaske i osiguravam nesmetan tijek prodaje.\n<br>\n<br>\n\u2714 Profesionalna prezentacija\nPo potrebi izra\u0111ujem atraktivan opis nekretnine i poma\u017eem u optimalnom predstavljanju va\u0161e ponude.\n\n\u2714 Podr\u0161ka do zavr\u0161etka prodaje\nOd prvog kontakta do kona\u010dne realizacije prodaje, stojim vam na raspolaganju sa svojim iskustvom i stru\u010dno\u0161\u0107u.<\/p>\t\t<\/div>\r\n\r\n\t\t\t\t\t<\/div>\n\t\t\t\t<\/div>\n\t\t\t\t\t<\/div>\n\t\t\t\t<\/div>\n\t\t<div class=\"elementor-element elementor-element-b4bdd93 e-flex e-con-boxed e-con e-parent\" data-id=\"b4bdd93\" data-element_type=\"container\">\n\t\t\t\t\t<div class=\"e-con-inner\">\n\t\t\t\t<div class=\"elementor-element elementor-element-f23d05b elementor-widget elementor-widget-realarsectiontitle\" data-id=\"f23d05b\" data-element_type=\"widget\" data-widget_type=\"realarsectiontitle.default\">\n\t\t\t\t<div class=\"elementor-widget-container\">\n\t\t\t\t\t\t\t<div class=\"title-area text-left \">\r\n\t\t\t<span class=\"shadow-title common-title \">Prodaja<\/span><h3 class=\"sec-title \">Za\u0161to prodavati sa mnom?<\/h3><p>\u2714 Provjereni kupci \u2013 Dobivate samo upite od ozbiljnih i financijski provjerenih kupaca.\n<br>\n<br>\n\u2714 Brza prodaja \u2013 Zahvaljuju\u0107i mojoj bazi kupaca i ciljanoj potrazi, va\u0161a nekretnina bit \u0107e brzo prodana.\n<br>\n<br>\n\u2714 Diskrecija i ekskluzivnost \u2013 Ako \u017eelite, prodaja mo\u017ee biti vo\u0111ena bez javnih oglasa.\n<br>\n<br>\n\u2714 Osobna podr\u0161ka \u2013 Pratim cijeli proces prodaje, tako da se vi ne morate brinuti ni o \u010demu.<\/p>\t\t<\/div>\r\n\r\n\t\t\t\t\t<\/div>\n\t\t\t\t<\/div>\n\t\t\t\t\t<\/div>\n\t\t\t\t<\/div>\n\t\t<div class=\"elementor-element elementor-element-e076a47 e-flex e-con-boxed e-con e-parent\" data-id=\"e076a47\" data-element_type=\"container\">\n\t\t\t\t\t<div class=\"e-con-inner\">\n\t\t\t\t<div class=\"elementor-element elementor-element-4ff2a23 elementor-widget elementor-widget-text-editor\" data-id=\"4ff2a23\" data-element_type=\"widget\" data-widget_type=\"text-editor.default\">\n\t\t\t\t<div class=\"elementor-widget-container\">\n\t\t\t\t\t\t\t\t\t<h3 class=\"\" data-start=\"1362\" data-end=\"1399\"><strong data-start=\"1366\" data-end=\"1397\">Zainteresirani za suradnju?<\/strong><\/h3><p class=\"\" data-start=\"1401\" data-end=\"1489\"><span style=\"color: #000000;\">Kontaktirajte me za neobvezuju\u0107i razgovor. Veselim se pomo\u0107i vam prona\u0107i pravog kupca!<\/span><\/p>\t\t\t\t\t\t\t\t<\/div>\n\t\t\t\t<\/div>\n\t\t\t\t\t<\/div>\n\t\t\t\t<\/div>\n\t\t<div class=\"elementor-element elementor-element-71d5a19 e-flex e-con-boxed e-con e-parent\" data-id=\"71d5a19\" data-element_type=\"container\">\n\t\t\t\t\t<div class=\"e-con-inner\">\n\t\t\t\t<div class=\"elementor-element elementor-element-1ce9109 elementor-icon-list--layout-traditional elementor-list-item-link-full_width elementor-widget elementor-widget-icon-list\" data-id=\"1ce9109\" data-element_type=\"widget\" data-widget_type=\"icon-list.default\">\n\t\t\t\t<div class=\"elementor-widget-container\">\n\t\t\t\t\t\t\t<ul class=\"elementor-icon-list-items\">\n\t\t\t\t\t\t\t<li class=\"elementor-icon-list-item\">\n\t\t\t\t\t\t\t\t\t\t\t<a href=\"mailto:info@immo-perle.com\">\n\n\t\t\t\t\t\t\t\t\t\t\t\t<span class=\"elementor-icon-list-icon\">\n\t\t\t\t\t\t\t<i aria-hidden=\"true\" class=\"far fa-envelope\"><\/i>\t\t\t\t\t\t<\/span>\n\t\t\t\t\t\t\t\t\t\t<span class=\"elementor-icon-list-text\">info@immo-perle.com<\/span>\n\t\t\t\t\t\t\t\t\t\t\t<\/a>\n\t\t\t\t\t\t\t\t\t<\/li>\n\t\t\t\t\t\t\t\t<li class=\"elementor-icon-list-item\">\n\t\t\t\t\t\t\t\t\t\t\t<a href=\"tel:+491727678257\">\n\n\t\t\t\t\t\t\t\t\t\t\t\t<span class=\"elementor-icon-list-icon\">\n\t\t\t\t\t\t\t<i aria-hidden=\"true\" class=\"fas fa-phone\"><\/i>\t\t\t\t\t\t<\/span>\n\t\t\t\t\t\t\t\t\t\t<span class=\"elementor-icon-list-text\">+49 (0) 172 7678257<\/span>\n\t\t\t\t\t\t\t\t\t\t\t<\/a>\n\t\t\t\t\t\t\t\t\t<\/li>\n\t\t\t\t\t\t<\/ul>\n\t\t\t\t\t\t<\/div>\n\t\t\t\t<\/div>\n\t\t\t\t\t<\/div>\n\t\t\t\t<\/div>\n\t\t<div class=\"elementor-element elementor-element-68b73be e-flex e-con-boxed e-con e-parent\" data-id=\"68b73be\" data-element_type=\"container\">\n\t\t\t\t\t<div class=\"e-con-inner\">\n\t\t<div class=\"elementor-element elementor-element-b70eb4c e-flex e-con-boxed e-con e-child\" data-id=\"b70eb4c\" data-element_type=\"container\">\n\t\t\t\t\t<div class=\"e-con-inner\">\n\t\t\t\t<div class=\"elementor-element elementor-element-6d603d6 elementor-widget elementor-widget-image\" data-id=\"6d603d6\" data-element_type=\"widget\" data-widget_type=\"image.default\">\n\t\t\t\t<div class=\"elementor-widget-container\">\n\t\t\t\t\t\t\t\t\t\t\t\t\t\t\t<img fetchpriority=\"high\" decoding=\"async\" width=\"751\" height=\"501\" src=\"https:\/\/immo-perle.com\/wp-content\/uploads\/2025\/04\/antonio-janeski-CHVTt0aGbx0-unsplash-3-1024x683.jpg\" class=\"attachment-large size-large wp-image-6925\" alt=\"\" srcset=\"https:\/\/immo-perle.com\/wp-content\/uploads\/2025\/04\/antonio-janeski-CHVTt0aGbx0-unsplash-3-1024x683.jpg 1024w, https:\/\/immo-perle.com\/wp-content\/uploads\/2025\/04\/antonio-janeski-CHVTt0aGbx0-unsplash-3-300x200.jpg 300w, https:\/\/immo-perle.com\/wp-content\/uploads\/2025\/04\/antonio-janeski-CHVTt0aGbx0-unsplash-3-768x512.jpg 768w, https:\/\/immo-perle.com\/wp-content\/uploads\/2025\/04\/antonio-janeski-CHVTt0aGbx0-unsplash-3-1536x1024.jpg 1536w, https:\/\/immo-perle.com\/wp-content\/uploads\/2025\/04\/antonio-janeski-CHVTt0aGbx0-unsplash-3.jpg 1920w\" sizes=\"(max-width: 751px) 100vw, 751px\" \/>\t\t\t\t\t\t\t\t\t\t\t\t\t\t\t<\/div>\n\t\t\t\t<\/div>\n\t\t\t\t\t<\/div>\n\t\t\t\t<\/div>\n\t\t\t\t\t<\/div>\n\t\t\t\t<\/div>\n\t\t\t\t<\/div>\n\t\t","protected":false},"excerpt":{"rendered":"<p>Pretraga Tra\u017eite dom iz snova ili nekretninu za ulaganje, ali nemate vremena pratiti tr\u017ei\u0161te? Ja \u0107u to u\u010diniti za vas! Usluge Moje usluge za vas: \u2714 Ciljana poveznica s kupcima Radim s potencijalnim kupcima koji ve\u0107 imaju konkretne namjere kupnje i tra\u017ee odgovaraju\u0107u nekretninu. \u2714 Procjena u skladu s tr\u017ei\u0161tem Osiguravam da se va\u0161a nekretnina&#8230;<\/p>\n","protected":false},"author":2,"featured_media":0,"parent":0,"menu_order":0,"comment_status":"closed","ping_status":"closed","template":"","meta":{"inline_featured_image":false,"footnotes":""},"class_list":["post-5878","page","type-page","status-publish","hentry"],"_links":{"self":[{"href":"https:\/\/immo-perle.com\/hr\/wp-json\/wp\/v2\/pages\/5878","targetHints":{"allow":["GET"]}}],"collection":[{"href":"https:\/\/immo-perle.com\/hr\/wp-json\/wp\/v2\/pages"}],"about":[{"href":"https:\/\/immo-perle.com\/hr\/wp-json\/wp\/v2\/types\/page"}],"author":[{"embeddable":true,"href":"https:\/\/immo-perle.com\/hr\/wp-json\/wp\/v2\/users\/2"}],"replies":[{"embeddable":true,"href":"https:\/\/immo-perle.com\/hr\/wp-json\/wp\/v2\/comments?post=5878"}],"version-history":[{"count":20,"href":"https:\/\/immo-perle.com\/hr\/wp-json\/wp\/v2\/pages\/5878\/revisions"}],"predecessor-version":[{"id":8394,"href":"https:\/\/immo-perle.com\/hr\/wp-json\/wp\/v2\/pages\/5878\/revisions\/8394"}],"wp:attachment":[{"href":"https:\/\/immo-perle.com\/hr\/wp-json\/wp\/v2\/media?parent=5878"}],"curies":[{"name":"wp","href":"https:\/\/api.w.org\/{rel}","templated":true}]}}