{"id":5886,"date":"2024-05-27T08:12:04","date_gmt":"2024-05-27T06:12:04","guid":{"rendered":"https:\/\/immo-perle.com\/?page_id=5886"},"modified":"2025-12-01T15:27:21","modified_gmt":"2025-12-01T14:27:21","slug":"o-meni","status":"publish","type":"page","link":"https:\/\/immo-perle.com\/hr\/o-meni\/","title":{"rendered":"O Meni"},"content":{"rendered":"\t\t<div data-elementor-type=\"wp-page\" data-elementor-id=\"5886\" class=\"elementor elementor-5886 elementor-1398\">\n\t\t\t\t<div class=\"elementor-element elementor-element-193c9d0 e-con-full e-flex e-con e-parent\" data-id=\"193c9d0\" data-element_type=\"container\" data-settings=\"{&quot;background_background&quot;:&quot;classic&quot;}\">\n\t\t<div class=\"elementor-element elementor-element-5ba1d7f e-flex e-con-boxed e-con e-child\" data-id=\"5ba1d7f\" data-element_type=\"container\">\n\t\t\t\t\t<div class=\"e-con-inner\">\n\t\t<div class=\"elementor-element elementor-element-cc22b05 e-con-full e-flex e-con e-child\" data-id=\"cc22b05\" data-element_type=\"container\">\n\t\t\r\n\t\t<div class=\"elementor-element elementor-element-bb04605 elementor-widget elementor-widget-realarsectiontitle\" data-id=\"bb04605\" data-element_type=\"widget\" data-widget_type=\"realarsectiontitle.default\">\n\t\t\t\t<div class=\"elementor-widget-container\">\n\t\t\t\t\t\t\t<div class=\"title-area text-left  mb-32\">\r\n\t\t\t<h2 class=\"sec-title style2\">Moja vizija i misija<\/h2><p class=\"sec-text\"><p class=\"\u201emb-0\">Vi ste u srcu na\u0161eg procesa. Aktivno te slu\u0161am, uvijek dr\u017eim zemlju i ne pritiskam te ako ti ne\u0161to ne treba. <\/p>\n                            <p class=\"\u201etext-theme\u201c\">Moj cilj je potpuna transparentnost. Ostat \u0107u u kontaktu s vama tijekom izgradnje va\u0161eg doma, pokazati vam sljede\u0107e korake i raditi s vama na odabiru osobnih detalja dizajna. Od prvog dana, va\u0161 mir na\u0161 je glavni prioritet.<\/p><\/p>\t\t<\/div>\r\n\r\n\t\t\t\t\t<\/div>\n\t\t\t\t<\/div>\n\t\t\t\t<div class=\"elementor-element elementor-element-c6a49ce elementor-widget elementor-widget-realarsectiontitle\" data-id=\"c6a49ce\" data-element_type=\"widget\" data-widget_type=\"realarsectiontitle.default\">\n\t\t\t\t<div class=\"elementor-widget-container\">\n\t\t\t\t\t\t\t<div class=\"title-area text-left  mb-32\">\r\n\t\t\t<p class=\"sec-text\"><p class=\"\u201emb-0\">Dizajniramo ku\u0107u za na\u010din na koji osoba \u017eivi. Centrirani dizajn na\u0161a je filozofija, na\u0161 pristup stvaranju prostora koji daje energiju i nadahnjuje.\n\nNa\u0161 tlocrt usredoto\u010den je na tri elementa: prirodno svjetlo, boju i \u010disti zrak - sve kvalitete koje poti\u010du va\u0161e blagostanje i razinu energije. Kada u\u0111ete u na\u0161 dom, vidjet \u0107ete dizajn koji ljude stavlja u sredi\u0161te i, \u0161to je jo\u0161 va\u017enije, osjetit \u0107ete to.<\/p>\t\t<\/div>\r\n\r\n\t\t\t\t\t<\/div>\n\t\t\t\t<\/div>\n\t\t\t\t<\/div>\n\t\t\t\t\t<\/div>\n\t\t\t\t<\/div>\n\t\t<div class=\"elementor-element elementor-element-6e88f79 e-flex e-con-boxed e-con e-child\" data-id=\"6e88f79\" data-element_type=\"container\">\n\t\t\t\t\t<div class=\"e-con-inner\">\n\t\t<div class=\"elementor-element elementor-element-e41ae7a e-con-full img-box3 e-flex e-con e-child\" data-id=\"e41ae7a\" data-element_type=\"container\">\n\t\t\t\t<div class=\"elementor-element elementor-element-26a0530 img1 elementor-widget elementor-widget-image\" data-id=\"26a0530\" data-element_type=\"widget\" data-widget_type=\"image.default\">\n\t\t\t\t<div class=\"elementor-widget-container\">\n\t\t\t\t\t\t\t\t\t\t\t\t\t\t\t<img fetchpriority=\"high\" decoding=\"async\" width=\"751\" height=\"422\" src=\"https:\/\/immo-perle.com\/wp-content\/uploads\/2025\/04\/WhatsApp-Image-2025-04-09-at-17.07.191-1024x575.jpeg\" class=\"attachment-large size-large wp-image-7328\" alt=\"\" srcset=\"https:\/\/immo-perle.com\/wp-content\/uploads\/2025\/04\/WhatsApp-Image-2025-04-09-at-17.07.191-1024x575.jpeg 1024w, https:\/\/immo-perle.com\/wp-content\/uploads\/2025\/04\/WhatsApp-Image-2025-04-09-at-17.07.191-300x169.jpeg 300w, https:\/\/immo-perle.com\/wp-content\/uploads\/2025\/04\/WhatsApp-Image-2025-04-09-at-17.07.191-768x432.jpeg 768w, https:\/\/immo-perle.com\/wp-content\/uploads\/2025\/04\/WhatsApp-Image-2025-04-09-at-17.07.191-1536x863.jpeg 1536w, https:\/\/immo-perle.com\/wp-content\/uploads\/2025\/04\/WhatsApp-Image-2025-04-09-at-17.07.191-640x360.jpeg 640w, https:\/\/immo-perle.com\/wp-content\/uploads\/2025\/04\/WhatsApp-Image-2025-04-09-at-17.07.191.jpeg 2000w\" sizes=\"(max-width: 751px) 100vw, 751px\" \/>\t\t\t\t\t\t\t\t\t\t\t\t\t\t\t<\/div>\n\t\t\t\t<\/div>\n\t\t\t\t<\/div>\n\t\t<div class=\"elementor-element elementor-element-d5746d4 e-con-full img-box3 e-flex e-con e-child\" data-id=\"d5746d4\" data-element_type=\"container\">\n\t\t\t\t<div class=\"elementor-element elementor-element-54e0ed8 img1 elementor-widget elementor-widget-image\" data-id=\"54e0ed8\" data-element_type=\"widget\" data-widget_type=\"image.default\">\n\t\t\t\t<div class=\"elementor-widget-container\">\n\t\t\t\t\t\t\t\t\t\t\t\t\t\t\t<img decoding=\"async\" width=\"751\" height=\"422\" src=\"https:\/\/immo-perle.com\/wp-content\/uploads\/2025\/04\/WhatsApp-Image-2025-04-09-at-16.34.31-1024x576.jpeg\" class=\"attachment-large size-large wp-image-7276\" alt=\"\" srcset=\"https:\/\/immo-perle.com\/wp-content\/uploads\/2025\/04\/WhatsApp-Image-2025-04-09-at-16.34.31-1024x576.jpeg 1024w, https:\/\/immo-perle.com\/wp-content\/uploads\/2025\/04\/WhatsApp-Image-2025-04-09-at-16.34.31-300x169.jpeg 300w, https:\/\/immo-perle.com\/wp-content\/uploads\/2025\/04\/WhatsApp-Image-2025-04-09-at-16.34.31-768x432.jpeg 768w, https:\/\/immo-perle.com\/wp-content\/uploads\/2025\/04\/WhatsApp-Image-2025-04-09-at-16.34.31-1536x864.jpeg 1536w, https:\/\/immo-perle.com\/wp-content\/uploads\/2025\/04\/WhatsApp-Image-2025-04-09-at-16.34.31-640x360.jpeg 640w, https:\/\/immo-perle.com\/wp-content\/uploads\/2025\/04\/WhatsApp-Image-2025-04-09-at-16.34.31.jpeg 2000w\" sizes=\"(max-width: 751px) 100vw, 751px\" \/>\t\t\t\t\t\t\t\t\t\t\t\t\t\t\t<\/div>\n\t\t\t\t<\/div>\n\t\t\t\t<\/div>\n\t\t\t\t\t<\/div>\n\t\t\t\t<\/div>\n\t\t\t\t<\/div>\n\t\t<div class=\"elementor-element elementor-element-2679259 e-con-full e-flex e-con e-parent\" data-id=\"2679259\" data-element_type=\"container\" data-settings=\"{&quot;background_background&quot;:&quot;classic&quot;}\">\n\t\t<div class=\"elementor-element elementor-element-3c004c0 e-flex e-con-boxed e-con e-child\" data-id=\"3c004c0\" data-element_type=\"container\" data-settings=\"{&quot;background_background&quot;:&quot;classic&quot;}\">\n\t\t\t\t\t<div class=\"e-con-inner\">\n\t\t<div class=\"elementor-element elementor-element-e383972 e-con-full e-flex e-con e-child\" data-id=\"e383972\" data-element_type=\"container\">\n\t\t\t\t<div class=\"elementor-element elementor-element-3ad41bc elementor-widget elementor-widget-realarsectiontitle\" data-id=\"3ad41bc\" data-element_type=\"widget\" data-widget_type=\"realarsectiontitle.default\">\n\t\t\t\t<div class=\"elementor-widget-container\">\n\t\t\t\t\t\t\t<div class=\"title-area text-left \">\r\n\t\t\t<h2 class=\"sec-title \">Za\u0161to odabrati mene?<\/h2><p class=\"sec-text\">Dio sam tvrtke za nekretnine s vi\u0161e od 20 godina iskustva \u010diji je glavni cilj ponuditi partnerima i kupcima fantasti\u010dne lokacije. Nudim rje\u0161enja po mjeri na tr\u017ei\u0161tu luksuznih nekretnina<\/p>\t\t<\/div>\r\n\r\n\t\t\t\t\t<\/div>\n\t\t\t\t<\/div>\n\t\t\t\t<\/div>\n\t\t<div class=\"elementor-element elementor-element-8ac302a e-con-full e-flex e-con e-child\" data-id=\"8ac302a\" data-element_type=\"container\">\n\t\t\t\t<div class=\"elementor-element elementor-element-5796fdc elementor-widget elementor-widget-realarbutton\" data-id=\"5796fdc\" data-element_type=\"widget\" data-widget_type=\"realarbutton.default\">\n\t\t\t\t<div class=\"elementor-widget-container\">\n\t\t\t\t\t<div class=\"btn-wrapper\"><a class=\"th-btn th_btn style2 th-btn-icon style-border3\" href=\"https:\/\/wordpress.themeholy.com\/realar\/contact\/\">kontakt<\/a><\/div>\t\t\t\t<\/div>\n\t\t\t\t<\/div>\n\t\t\t\t<\/div>\n\t\t\t\t\t<\/div>\n\t\t\t\t<\/div>\n\t\t<div class=\"elementor-element elementor-element-3d82e5c e-flex e-con-boxed e-con e-child\" data-id=\"3d82e5c\" data-element_type=\"container\" data-settings=\"{&quot;background_background&quot;:&quot;classic&quot;}\">\n\t\t\t\t\t<div class=\"e-con-inner\">\n\t\t<div class=\"elementor-element elementor-element-8608fbd e-con-full e-flex e-con e-child\" data-id=\"8608fbd\" data-element_type=\"container\">\n\t\t\t\t<div class=\"elementor-element elementor-element-3ca6810 elementor-widget elementor-widget-realarservice\" data-id=\"3ca6810\" data-element_type=\"widget\" data-widget_type=\"realarservice.default\">\n\t\t\t\t<div class=\"elementor-widget-container\">\n\t\t\t\t\t<div class=\"swiper th-slider\" data-slider-options='{\"breakpoints\":{\"0\":{\"slidesPerView\":1},\"576\":{\"slidesPerView\":\"1\"},\"768\":{\"slidesPerView\":\"2\"},\"992\":{\"slidesPerView\":\"2\"},\"1200\":{\"slidesPerView\":\"3\"}}}'><div class=\"swiper-wrapper\"><div class=\"swiper-slide\"><div class=\"service-card style4\"><div class=\"service-card-icon\"><img decoding=\"async\" src=\"https:\/\/immo-perle.com\/wp-content\/uploads\/2024\/05\/service-icon2-1.svg\" alt=\"service icon2 1\"  \/><\/div><h3 class=\"box-title title\"><a href=\"\">Procjena imovine<\/a><\/h3><p class=\"box-text desc\">Sveobuhvatne usluge nekretnina koje \u010dine kupnju, prodaju i upravljanje va\u0161im nekretninama ne samo lakim i sigurnim, ve\u0107 i u\u010dinkovitim i bez stresa.\n<\/p><div class=\"service-img img-shine\"><img decoding=\"async\" src=\"https:\/\/immo-perle.com\/wp-content\/uploads\/2024\/05\/1-1-2.png\" alt=\"1 1 2\"  \/><\/div><\/div><\/div><div class=\"swiper-slide\"><div class=\"service-card style4\"><div class=\"service-card-icon\"><img decoding=\"async\" src=\"https:\/\/immo-perle.com\/wp-content\/uploads\/2024\/05\/service-icon2-2.svg\" alt=\"service icon2 2\"  \/><\/div><h3 class=\"box-title title\"><a href=\"\">Upravljanje imovinom<\/a><\/h3><p class=\"box-text desc\">Upravlja\u010dko savjetovanje uklju\u010duje pru\u017eanje stru\u010dnih savjeta i usluga za pobolj\u0161anje i postizanje u\u010dinka nekretnina.<\/p><div class=\"service-img img-shine\"><img decoding=\"async\" src=\"https:\/\/immo-perle.com\/wp-content\/uploads\/2024\/05\/1-2.png\" alt=\"1 2\"  \/><\/div><\/div><\/div><div class=\"swiper-slide\"><div class=\"service-card style4\"><div class=\"service-card-icon\"><img decoding=\"async\" src=\"https:\/\/immo-perle.com\/wp-content\/uploads\/2024\/05\/service-icon2-3.svg\" alt=\"service icon2 3\"  \/><\/div><h3 class=\"box-title title\"><a href=\"\">Mogu\u0107nosti ulaganja<\/a><\/h3><p class=\"box-text desc\">Usluge nekretnina olak\u0161avaju i sigurno kupnju, prodaju i upravljanje va\u0161im rastu\u0107im nekretninama.<\/p><div class=\"service-img img-shine\"><img decoding=\"async\" src=\"https:\/\/immo-perle.com\/wp-content\/uploads\/2024\/05\/1-3.png\" alt=\"1 3\"  \/><\/div><\/div><\/div><\/div><\/div>\t\t\t\t<\/div>\n\t\t\t\t<\/div>\n\t\t\t\t<\/div>\n\t\t\t\t\t<\/div>\n\t\t\t\t<\/div>\n\t\t\t\t<\/div>\n\t\t\t\t<\/div>\n\t\t","protected":false},"excerpt":{"rendered":"<p>Moja vizija i misija Vi ste u srcu na\u0161eg procesa. Aktivno te slu\u0161am, uvijek dr\u017eim zemlju i ne pritiskam te ako ti ne\u0161to ne treba. Moj cilj je potpuna transparentnost. Ostat \u0107u u kontaktu s vama tijekom izgradnje va\u0161eg doma, pokazati vam sljede\u0107e korake i raditi s vama na odabiru osobnih detalja dizajna. Od prvog&#8230;<\/p>\n","protected":false},"author":2,"featured_media":0,"parent":0,"menu_order":0,"comment_status":"closed","ping_status":"closed","template":"template-builder.php","meta":{"inline_featured_image":false,"footnotes":""},"class_list":["post-5886","page","type-page","status-publish","hentry"],"_links":{"self":[{"href":"https:\/\/immo-perle.com\/hr\/wp-json\/wp\/v2\/pages\/5886","targetHints":{"allow":["GET"]}}],"collection":[{"href":"https:\/\/immo-perle.com\/hr\/wp-json\/wp\/v2\/pages"}],"about":[{"href":"https:\/\/immo-perle.com\/hr\/wp-json\/wp\/v2\/types\/page"}],"author":[{"embeddable":true,"href":"https:\/\/immo-perle.com\/hr\/wp-json\/wp\/v2\/users\/2"}],"replies":[{"embeddable":true,"href":"https:\/\/immo-perle.com\/hr\/wp-json\/wp\/v2\/comments?post=5886"}],"version-history":[{"count":33,"href":"https:\/\/immo-perle.com\/hr\/wp-json\/wp\/v2\/pages\/5886\/revisions"}],"predecessor-version":[{"id":7884,"href":"https:\/\/immo-perle.com\/hr\/wp-json\/wp\/v2\/pages\/5886\/revisions\/7884"}],"wp:attachment":[{"href":"https:\/\/immo-perle.com\/hr\/wp-json\/wp\/v2\/media?parent=5886"}],"curies":[{"name":"wp","href":"https:\/\/api.w.org\/{rel}","templated":true}]}}