{"id":5888,"date":"2024-12-12T11:30:46","date_gmt":"2024-12-12T10:30:46","guid":{"rendered":"https:\/\/immo-perle.com\/?page_id=5888"},"modified":"2026-03-11T13:19:58","modified_gmt":"2026-03-11T12:19:58","slug":"moji-objekti","status":"publish","type":"page","link":"https:\/\/immo-perle.com\/hr\/moji-objekti\/","title":{"rendered":"Moji Objekti"},"content":{"rendered":"\t\t<div data-elementor-type=\"wp-page\" data-elementor-id=\"5888\" class=\"elementor elementor-5888 elementor-4460\">\n\t\t\t\t<div class=\"elementor-element elementor-element-235389e e-con-full e-flex e-con e-parent\" data-id=\"235389e\" data-element_type=\"container\" id=\"about-sec\" data-settings=\"{&quot;background_background&quot;:&quot;classic&quot;}\">\n\t\t<div class=\"elementor-element elementor-element-9ecabe1 e-flex e-con-boxed e-con e-child\" data-id=\"9ecabe1\" data-element_type=\"container\">\n\t\t\t\t\t<div class=\"e-con-inner\">\n\t\t<div class=\"elementor-element elementor-element-a56af83 e-con-full e-flex e-con e-child\" data-id=\"a56af83\" data-element_type=\"container\">\n\t\t\r\n\t\t<div class=\"elementor-element elementor-element-4a8804e elementor-widget elementor-widget-realarsectiontitle\" data-id=\"4a8804e\" data-element_type=\"widget\" data-widget_type=\"realarsectiontitle.default\">\n\t\t\t\t<div class=\"elementor-widget-container\">\n\t\t\t\t\t\t\t<div class=\"title-area text-left \">\r\n\t\t\t<span class=\"sub-title common-title \">Dostupna svojstva<\/span><h2 class=\"sec-title \">Na\u0161i objekti<\/h2>\t\t<\/div>\r\n\r\n\t\t\t\t\t<\/div>\n\t\t\t\t<\/div>\n\t\t\t\t<\/div>\n\t\t\t\t\t<\/div>\n\t\t\t\t<\/div>\n\t\t<div class=\"elementor-element elementor-element-d468ab0 e-flex e-con-boxed e-con e-child\" data-id=\"d468ab0\" data-element_type=\"container\" data-settings=\"{&quot;background_background&quot;:&quot;classic&quot;}\">\n\t\t\t\t\t<div class=\"e-con-inner\">\n\t\t\t\t<div class=\"elementor-element elementor-element-9180385 elementor-widget elementor-widget-realarcustomlisting\" data-id=\"9180385\" data-element_type=\"widget\" data-widget_type=\"realarcustomlisting.default\">\n\t\t\t\t<div class=\"elementor-widget-container\">\n\t\t\t\t\t<div class=\"slider-area property-slider2 slider-drag-wrap z-index-common\"><div class=\"swiper th-slider\" data-slider-options='{\"breakpoints\":{\"0\":{\"slidesPerView\":1},\"576\":{\"slidesPerView\":\"1\"},\"768\":{\"slidesPerView\":\"2\"},\"992\":{\"slidesPerView\":\"2\"},\"1200\":{\"slidesPerView\":\"3\"},\"1500\":{\"slidesPerView\":\"3\"}},\"grabCursor\":\"true\",\"slideToClickedSlide\":\"true\"}'><div class=\"swiper-wrapper\"><div class=\"swiper-slide\"><div class=\"property-card3 style-border\"><div class=\"property-card-thumb img-shine\"><img decoding=\"async\" src=\"https:\/\/immo-perle.com\/wp-content\/uploads\/2025\/04\/WhatsApp-Image-2025-04-09-at-13.20.47.jpeg\" alt=\"WhatsApp Image 2025 04 09 at 13.20.47\"  \/><\/div><div class=\"property-card-details\"><h4 class=\"property-card-title\"><a href=\"https:\/\/immo-perle.com\/hr\/directory\/sjajne-dvokrevetne-kuce-u-najboljem-polozaju\/\">Sjajne dvokrevetne ku\u0107e u najboljem polo\u017eaju<\/a><\/h4><p class=\"property-card-location\"><i class=\"far fa-map-marker-alt me-2\"><\/i>Veprinac<\/p><p class=\"property-card-text\">Moderne dvokrevetne ku\u0107e s mediteranskim stilom  -  Godina izgradnje 2021, u Veprincu kod Opatije. Savremena udobnost u prekrasnom polo\u017eaju.<\/p><div class=\"property-card-meta\"><span><img decoding=\"async\" src=\"https:\/\/immo-perle.com\/wp-content\/plugins\/realar-core\/assets\/img\/property-icon1-1.svg\" alt=\"img\">krevete: 4<\/span><span><img decoding=\"async\" src=\"https:\/\/immo-perle.com\/wp-content\/plugins\/realar-core\/assets\/img\/property-icon1-2.svg\" alt=\"img\">kupatila: 2<\/span><span><img decoding=\"async\" src=\"https:\/\/immo-perle.com\/wp-content\/plugins\/realar-core\/assets\/img\/property-icon1-3.svg\" alt=\"img\">180m\u00b2 na 2 kata<\/span><\/div><div class=\"property-btn-wrap\"><div class=\"property-author-wrap\"><img decoding=\"async\" src=\"https:\/\/immo-perle.com\/wp-content\/uploads\/2025\/03\/author.webp\" alt=\"author\"  \/><a href=\"#\">Ivan Martincic<\/a><\/div><div class=\"btn-wrap\"><a href=\"https:\/\/immo-perle.com\/hr\/directory\/sjajne-dvokrevetne-kuce-u-najboljem-polozaju\/\" class=\"th-btn style-border2 th-btn-icon\">Details<\/a><\/div><\/div><\/div><\/div><\/div><div class=\"swiper-slide\"><div class=\"property-card3 style-border\"><div class=\"property-card-thumb img-shine\"><img decoding=\"async\" src=\"https:\/\/immo-perle.com\/wp-content\/uploads\/2025\/04\/WhatsApp-Image-2025-04-09-at-13.34.045.jpeg\" alt=\"WhatsApp Image 2025 04 09 at 13.34.045\"  \/><\/div><div class=\"property-card-details\"><h4 class=\"property-card-title\"><a href=\"\">Moderne ku\u0107e s pogledom na more<\/a><\/h4><p class=\"property-card-location\"><i class=\"far fa-map-marker-alt me-2\"><\/i>Stara Novalja<\/p><p class=\"property-card-text\">Privla\u010dna investicija u Stara Novalja (otok Pag): Tri suvremena ku\u0107a za odmor s 18 stilskih apartmana -  idealna za ulaganje u jednu od najpopularnijih odmarali\u0161ta u Hrvatskoj.<\/p><div class=\"property-card-meta\"><\/div><div class=\"property-btn-wrap\"><div class=\"property-author-wrap\"><img decoding=\"async\" src=\"https:\/\/immo-perle.com\/wp-content\/uploads\/2025\/03\/author.webp\" alt=\"author\"  \/><a href=\"#\">Ivan Martincic<\/a><\/div><div class=\"btn-wrap\"><a href=\"\" class=\"th-btn style-border2 th-btn-icon\">Details<\/a><\/div><\/div><\/div><\/div><\/div><div class=\"swiper-slide\"><div class=\"property-card3 style-border\"><div class=\"property-card-thumb img-shine\"><img decoding=\"async\" src=\"https:\/\/immo-perle.com\/wp-content\/uploads\/2025\/04\/WhatsApp-Image-2025-04-09-at-17.07.19.jpeg\" alt=\"WhatsApp Image 2025 04 09 at 17.07.19\"  \/><\/div><div class=\"property-card-details\"><h4 class=\"property-card-title\"><a href=\"https:\/\/immo-perle.com\/hr\/directory\/sjajna-kucanstva-u-novalji-na-otoku-pag\/\">Sjajna ku\u0107anstva u Novalji na otoku Pag<\/a><\/h4><p class=\"property-card-location\"><i class=\"far fa-map-marker-alt me-2\"><\/i>Novalja otoku Pag<\/p><p class=\"property-card-text\">Ekskluzivno i novo izgra\u0111eno (2024)  -  Moderna ku\u0107anstva u najboljem polo\u017eaju na sun\u010danom otoku Pagu<\/p><div class=\"property-card-meta\"><span><img decoding=\"async\" src=\"https:\/\/immo-perle.com\/wp-content\/plugins\/realar-core\/assets\/img\/property-icon1-1.svg\" alt=\"img\">krevete: 2<\/span><span><img decoding=\"async\" src=\"https:\/\/immo-perle.com\/wp-content\/plugins\/realar-core\/assets\/img\/property-icon1-2.svg\" alt=\"img\">kupatila: 2<\/span><span><img decoding=\"async\" src=\"https:\/\/immo-perle.com\/wp-content\/plugins\/realar-core\/assets\/img\/property-icon1-3.svg\" alt=\"img\">95m\u00b2<\/span><\/div><div class=\"property-btn-wrap\"><div class=\"property-author-wrap\"><img decoding=\"async\" src=\"https:\/\/immo-perle.com\/wp-content\/uploads\/2025\/03\/author.webp\" alt=\"author\"  \/><a href=\"#\">Ivan Martincic<\/a><\/div><div class=\"btn-wrap\"><a href=\"https:\/\/immo-perle.com\/hr\/directory\/sjajna-kucanstva-u-novalji-na-otoku-pag\/\" class=\"th-btn style-border2 th-btn-icon\">Details<\/a><\/div><\/div><\/div><\/div><\/div><div class=\"swiper-slide\"><div class=\"property-card3 style-border\"><div class=\"property-card-thumb img-shine\"><img decoding=\"async\" src=\"https:\/\/immo-perle.com\/wp-content\/uploads\/2025\/04\/House-near-boat-8.webp\" alt=\"House near boat 8\"  \/><\/div><div class=\"property-card-details\"><h4 class=\"property-card-title\"><a href=\"https:\/\/immo-perle.com\/hr\/directory\/stanovi-iz-snova-s-pogledom-na-more-u-rijeci\/\">Stanovi iz snova s \u200b\u200bpogledom na more u Rijeci<\/a><\/h4><p class=\"property-card-location\"><i class=\"far fa-map-marker-alt me-2\"><\/i>Pe\u0107ine, Rijeka<\/p><p class=\"property-card-text\">Probudite se svaki dan s pogledom na more u novim luksuznim apartmanima na Pe\u0107inama u Rijeci!<\/p><div class=\"property-card-meta\"><span><img decoding=\"async\" src=\"https:\/\/immo-perle.com\/wp-content\/plugins\/realar-core\/assets\/img\/property-icon1-1.svg\" alt=\"img\">kreveti: <\/span><span><img decoding=\"async\" src=\"https:\/\/immo-perle.com\/wp-content\/plugins\/realar-core\/assets\/img\/property-icon1-2.svg\" alt=\"img\">Kupatila: <\/span><span><img decoding=\"async\" src=\"https:\/\/immo-perle.com\/wp-content\/plugins\/realar-core\/assets\/img\/property-icon1-3.svg\" alt=\"img\">6 modernih apartmana (105\u2013200 m\u00b2)<\/span><\/div><div class=\"property-btn-wrap\"><div class=\"property-author-wrap\"><img decoding=\"async\" src=\"https:\/\/immo-perle.com\/wp-content\/uploads\/2025\/03\/author.webp\" alt=\"author\"  \/><a href=\"#\">Ivan Martincic<\/a><\/div><div class=\"btn-wrap\"><a href=\"https:\/\/immo-perle.com\/hr\/directory\/stanovi-iz-snova-s-pogledom-na-more-u-rijeci\/\" class=\"th-btn style-border2 th-btn-icon\">Details<\/a><\/div><\/div><\/div><\/div><\/div><div class=\"swiper-slide\"><div class=\"property-card3 style-border\"><div class=\"property-card-thumb img-shine\"><img decoding=\"async\" src=\"https:\/\/immo-perle.com\/wp-content\/uploads\/2026\/03\/Eingefroren.webp\" alt=\"Eingefroren\"  \/><\/div><div class=\"property-card-details\"><h4 class=\"property-card-title\"><a href=\"https:\/\/immo-perle.com\/hr\/directory\/apartmani-iz-snova-zagreb-samobor\/\">Kuc\u0301a iz snova u Zagrebac\u030ckoj, Samobor<\/a><\/h4><p class=\"property-card-location\"><i class=\"far fa-map-marker-alt me-2\"><\/i>Zagreba\u010dka, Samobor<\/p><p class=\"property-card-text\">Prekrasna moderna ku\u0107a smje\u0161tena u prirodnom okru\u017eenju, nedaleko od Zagreba (otprilike 15 kilometara)...<\/p><div class=\"property-card-meta\"><span><img decoding=\"async\" src=\"https:\/\/immo-perle.com\/wp-content\/plugins\/realar-core\/assets\/img\/property-icon1-1.svg\" alt=\"img\">Krevete:<\/span><span><img decoding=\"async\" src=\"https:\/\/immo-perle.com\/wp-content\/plugins\/realar-core\/assets\/img\/property-icon1-2.svg\" alt=\"img\">Kupatila:<\/span><span><img decoding=\"async\" src=\"https:\/\/immo-perle.com\/wp-content\/plugins\/realar-core\/assets\/img\/property-icon1-3.svg\" alt=\"img\">232,00 m\u00b2<\/span><\/div><div class=\"property-btn-wrap\"><div class=\"property-author-wrap\"><img decoding=\"async\" src=\"https:\/\/immo-perle.com\/wp-content\/uploads\/2025\/03\/author.webp\" alt=\"author\"  \/><a href=\"#\">Ivan Martincic<\/a><\/div><div class=\"btn-wrap\"><a href=\"https:\/\/immo-perle.com\/hr\/directory\/apartmani-iz-snova-zagreb-samobor\/\" class=\"th-btn style-border2 th-btn-icon\">Details<\/a><\/div><\/div><\/div><\/div><\/div><\/div><\/div><\/div>\t\t\t\t<\/div>\n\t\t\t\t<\/div>\n\t\t\t\t\t<\/div>\n\t\t\t\t<\/div>\n\t\t\t\t<\/div>\n\t\t<div class=\"elementor-element elementor-element-d83b08d e-con-full e-flex e-con e-parent\" data-id=\"d83b08d\" data-element_type=\"container\" data-settings=\"{&quot;background_background&quot;:&quot;classic&quot;}\">\n\t\t<div class=\"elementor-element elementor-element-ae14785 e-flex e-con-boxed e-con e-child\" data-id=\"ae14785\" data-element_type=\"container\">\n\t\t\t\t\t<div class=\"e-con-inner\">\n\t\t<div class=\"elementor-element elementor-element-c4caaeb e-con-full e-flex e-con e-child\" data-id=\"c4caaeb\" data-element_type=\"container\">\n\t\t\t\t<div class=\"elementor-element elementor-element-7d58c02 elementor-widget elementor-widget-realarsectiontitle\" data-id=\"7d58c02\" data-element_type=\"widget\" data-widget_type=\"realarsectiontitle.default\">\n\t\t\t\t<div class=\"elementor-widget-container\">\n\t\t\t\t\t\t\t<div class=\"title-area text-left  mb-32\">\r\n\t\t\t<span class=\"sub-title common-title \">Brzo i jednostavno<\/span><h2 class=\"sec-title style2\">Osigurajte svoj stan iz snova!<\/h2><p class=\"sec-text\">Dostupno u bilo kojem trenutku:\n\n<a href=\"tel:+491727678257\">+49 (0) 172 7678257<\/a><\/p>\t\t<\/div>\r\n\r\n\t\t\t\t\t<\/div>\n\t\t\t\t<\/div>\n\t\t\t\t<div class=\"elementor-element elementor-element-412f7a9 elementor-widget elementor-widget-realarbutton\" data-id=\"412f7a9\" data-element_type=\"widget\" data-widget_type=\"realarbutton.default\">\n\t\t\t\t<div class=\"elementor-widget-container\">\n\t\t\t\t\t<div class=\"btn-wrapper\"><a class=\"th-btn th_btn style2 th-btn-icon mt-5\" href=\"https:\/\/immo-perle.com\/hr\/kontakt\/\">Kontaktirajte nas sada<\/a><\/div>\t\t\t\t<\/div>\n\t\t\t\t<\/div>\n\t\t\t\t<\/div>\n\t\t\t\t\t<\/div>\n\t\t\t\t<\/div>\n\t\t\t\t<\/div>\n\t\t\t\t<\/div>\n\t\t","protected":false},"excerpt":{"rendered":"<p>Dostupna svojstva Na\u0161i objekti Sjajne dvokrevetne ku\u0107e u najboljem polo\u017eaju Veprinac Moderne dvokrevetne ku\u0107e s mediteranskim stilom &#8211; Godina izgradnje 2021, u Veprincu kod Opatije. Savremena udobnost u prekrasnom polo\u017eaju. krevete: 4kupatila: 2180m\u00b2 na 2 kataIvan MartincicDetails Moderne ku\u0107e s pogledom na more Stara Novalja Privla\u010dna investicija u Stara Novalja (otok Pag): Tri suvremena ku\u0107a&#8230;<\/p>\n","protected":false},"author":2,"featured_media":0,"parent":0,"menu_order":0,"comment_status":"closed","ping_status":"closed","template":"template-builder.php","meta":{"inline_featured_image":false,"footnotes":""},"class_list":["post-5888","page","type-page","status-publish","hentry"],"_links":{"self":[{"href":"https:\/\/immo-perle.com\/hr\/wp-json\/wp\/v2\/pages\/5888","targetHints":{"allow":["GET"]}}],"collection":[{"href":"https:\/\/immo-perle.com\/hr\/wp-json\/wp\/v2\/pages"}],"about":[{"href":"https:\/\/immo-perle.com\/hr\/wp-json\/wp\/v2\/types\/page"}],"author":[{"embeddable":true,"href":"https:\/\/immo-perle.com\/hr\/wp-json\/wp\/v2\/users\/2"}],"replies":[{"embeddable":true,"href":"https:\/\/immo-perle.com\/hr\/wp-json\/wp\/v2\/comments?post=5888"}],"version-history":[{"count":51,"href":"https:\/\/immo-perle.com\/hr\/wp-json\/wp\/v2\/pages\/5888\/revisions"}],"predecessor-version":[{"id":8623,"href":"https:\/\/immo-perle.com\/hr\/wp-json\/wp\/v2\/pages\/5888\/revisions\/8623"}],"wp:attachment":[{"href":"https:\/\/immo-perle.com\/hr\/wp-json\/wp\/v2\/media?parent=5888"}],"curies":[{"name":"wp","href":"https:\/\/api.w.org\/{rel}","templated":true}]}}