{"id":5890,"date":"2024-12-10T16:41:07","date_gmt":"2024-12-10T15:41:07","guid":{"rendered":"https:\/\/immo-perle.com\/?page_id=5890"},"modified":"2024-12-16T13:21:26","modified_gmt":"2024-12-16T12:21:26","slug":"politika-otkazivanja","status":"publish","type":"page","link":"https:\/\/immo-perle.com\/hr\/politika-otkazivanja\/","title":{"rendered":"Politika Otkazivanja"},"content":{"rendered":"\t\t<div data-elementor-type=\"wp-page\" data-elementor-id=\"5890\" class=\"elementor elementor-5890 elementor-4350\">\n\t\t\t\t<div class=\"elementor-element elementor-element-c7d0add e-flex e-con-boxed e-con e-parent\" data-id=\"c7d0add\" data-element_type=\"container\">\n\t\t\t\t\t<div class=\"e-con-inner\">\n\t\t\r\n\t\t<div class=\"elementor-element elementor-element-b7e9233 elementor-widget elementor-widget-text-editor\" data-id=\"b7e9233\" data-element_type=\"widget\" data-widget_type=\"text-editor.default\">\n\t\t\t\t<div class=\"elementor-widget-container\">\n\t\t\t\t\t\t\t\t\t<h1><span class=\"HwtZe\" lang=\"hr\"><span class=\"jCAhz ChMk0b\"><span class=\"ryNqvb\">Politika otkazivanja<\/span><\/span><\/span><\/h1><section><h2><span class=\"HwtZe\" lang=\"hr\"><span class=\"jCAhz ChMk0b\"><span class=\"ryNqvb\">1. Pravo na odustanak<\/span><\/span><\/span><\/h2><p><span class=\"HwtZe\" lang=\"hr\"><span class=\"jCAhz ChMk0b\"><span class=\"ryNqvb\">Imate pravo otkazati ovaj ugovor u roku od \u010detrnaest (14) dana bez navo\u0111enja razloga.<\/span><\/span> <span class=\"jCAhz ChMk0b\"><span class=\"ryNqvb\">Otkazni rok je \u010detrnaest (14) dana od dana sklapanja ugovora.<\/span><\/span><\/span><\/p><div class=\"warning\"><span class=\"HwtZe\" lang=\"hr\"><span class=\"jCAhz ChMk0b\"><span class=\"ryNqvb\"><strong>Va\u017eno<\/strong>: Pravo na odustanak ne vrijedi za kupoprodajne ugovore koji su ve\u0107 ovjereni kod javnog bilje\u017enika.<\/span><\/span><\/span><\/div><\/section><section><h2><span class=\"HwtZe\" lang=\"hr\"><span class=\"jCAhz ChMk0b\"><span class=\"ryNqvb\">2. Opoziv vje\u017ebe<\/span><\/span><\/span><\/h2><p><span class=\"HwtZe\" lang=\"hr\"><span class=\"jCAhz ChMk0b\"><span class=\"ryNqvb\">Kako biste iskoristili svoje pravo na povla\u010denje, morate nas jasno obavijestiti o svojoj odluci o povla\u010denju:<\/span><\/span><\/span><\/p><ul><li><span class=\"HwtZe\" lang=\"hr\"><span class=\"jCAhz ChMk0b\"><span class=\"ryNqvb\">Po\u0161tom na: [Naziv tvrtke], [Puna adresa]<\/span><\/span><\/span><\/li><li><span class=\"HwtZe\" lang=\"hr\"><span class=\"jCAhz ChMk0b\"><span class=\"ryNqvb\">E-po\u0161tom<\/span><\/span><\/span>: widerruf@immobilienhaendler.de<\/li><\/ul><\/section><section><h2><span class=\"HwtZe\" lang=\"hr\"><span class=\"jCAhz ChMk0b\"><span class=\"ryNqvb\">3. Posljedice opoziva<\/span><\/span><\/span><\/h2><p><span class=\"HwtZe\" lang=\"hr\"><span class=\"jCAhz ChMk0b\"><span class=\"ryNqvb\">U slu\u010daju efektivnog otkazivanja, moramo vam vratiti sva primljena pla\u0107anja odmah, a najkasnije \u010detrnaest (14) dana nakon primitka obavijesti o otkazivanju.<\/span><\/span><\/span><\/p><\/section><section><h2><span class=\"HwtZe\" lang=\"hr\"><span class=\"jCAhz ChMk0b\"><span class=\"ryNqvb\">4. Uzorak obrasca za otkazivanje<\/span><\/span><\/span><\/h2><div class=\"form-example\"><p><span class=\"HwtZe\" lang=\"hr\"><span class=\"jCAhz ChMk0b\"><span class=\"ryNqvb\">Za [ime trgovca nekretninama] <\/span><\/span><span class=\"jCAhz ChMk0b\"><span class=\"ryNqvb\">[Puna adresa] <\/span><\/span><span class=\"jCAhz ChMk0b\"><span class=\"ryNqvb\">Ja\/mi () ovime opozivam ugovor koji sam sklopio () za kupnju sljede\u0107e nekretnine:<\/span><\/span><\/span><\/p><p><span class=\"HwtZe\" lang=\"hr\"><span class=\"jCAhz ChMk0b\"><span class=\"ryNqvb\">Ugovor sklopljen dana: [datum]<\/span><\/span><\/span><br \/><span class=\"HwtZe\" lang=\"hr\"><span class=\"jCAhz ChMk0b\"><span class=\"ryNqvb\">Ime kupca(a): [imena]<\/span><\/span><\/span><br \/><span class=\"HwtZe\" lang=\"hr\"><span class=\"jCAhz ChMk0b\"><span class=\"ryNqvb\">Adresa kupca(a): [adresa]<\/span><\/span><\/span><\/p><p><span class=\"HwtZe\" lang=\"hr\"><span class=\"jCAhz ChMk0b\"><span class=\"ryNqvb\">Potpis kupca (samo za papirnatu obavijest) <\/span><\/span><span class=\"jCAhz ChMk0b\"><span class=\"ryNqvb\">Datum: [datum] <\/span><\/span><span class=\"jCAhz ChMk0b\"><span class=\"ryNqvb\">(*) Izbrisati ono \u0161to nije primjenjivo<\/span><\/span><\/span><\/p><\/div><\/section><section><h2><span class=\"HwtZe\" lang=\"hr\"><span class=\"jCAhz ChMk0b\"><span class=\"ryNqvb\">5. Istek prava na odustajanje<\/span><\/span><\/span><\/h2><p><span class=\"HwtZe\" lang=\"hr\"><span class=\"jCAhz ChMk0b\"><span class=\"ryNqvb\">Pravo na povla\u010denje prestaje prije vremena ako je ugovor u potpunosti ispunjen prije nego ste iskoristili svoje pravo na povla\u010denje<\/span><\/span><\/span>.<\/p><\/section>\t\t\t\t\t\t\t\t<\/div>\n\t\t\t\t<\/div>\n\t\t\t\t\t<\/div>\n\t\t\t\t<\/div>\n\t\t\t\t<\/div>\n\t\t","protected":false},"excerpt":{"rendered":"<p>Politika otkazivanja 1. Pravo na odustanak Imate pravo otkazati ovaj ugovor u roku od \u010detrnaest (14) dana bez navo\u0111enja razloga. Otkazni rok je \u010detrnaest (14) dana od dana sklapanja ugovora. Va\u017eno: Pravo na odustanak ne vrijedi za kupoprodajne ugovore koji su ve\u0107 ovjereni kod javnog bilje\u017enika. 2. Opoziv vje\u017ebe Kako biste iskoristili svoje pravo na&#8230;<\/p>\n","protected":false},"author":2,"featured_media":0,"parent":0,"menu_order":0,"comment_status":"closed","ping_status":"closed","template":"","meta":{"inline_featured_image":false,"footnotes":""},"class_list":["post-5890","page","type-page","status-publish","hentry"],"_links":{"self":[{"href":"https:\/\/immo-perle.com\/hr\/wp-json\/wp\/v2\/pages\/5890","targetHints":{"allow":["GET"]}}],"collection":[{"href":"https:\/\/immo-perle.com\/hr\/wp-json\/wp\/v2\/pages"}],"about":[{"href":"https:\/\/immo-perle.com\/hr\/wp-json\/wp\/v2\/types\/page"}],"author":[{"embeddable":true,"href":"https:\/\/immo-perle.com\/hr\/wp-json\/wp\/v2\/users\/2"}],"replies":[{"embeddable":true,"href":"https:\/\/immo-perle.com\/hr\/wp-json\/wp\/v2\/comments?post=5890"}],"version-history":[{"count":10,"href":"https:\/\/immo-perle.com\/hr\/wp-json\/wp\/v2\/pages\/5890\/revisions"}],"predecessor-version":[{"id":6177,"href":"https:\/\/immo-perle.com\/hr\/wp-json\/wp\/v2\/pages\/5890\/revisions\/6177"}],"wp:attachment":[{"href":"https:\/\/immo-perle.com\/hr\/wp-json\/wp\/v2\/media?parent=5890"}],"curies":[{"name":"wp","href":"https:\/\/api.w.org\/{rel}","templated":true}]}}